{"id":870,"date":"2021-02-08T09:48:50","date_gmt":"2021-02-08T08:48:50","guid":{"rendered":"http:\/\/new.thalent.com\/?page_id=870"},"modified":"2023-03-22T16:34:47","modified_gmt":"2023-03-22T15:34:47","slug":"wir-rufen-sie-zurueck","status":"publish","type":"page","link":"https:\/\/www.thalent.com\/de\/wir-rufen-sie-zurueck","title":{"rendered":"Wir rufen Sie Zur\u00fcck"},"content":{"rendered":"<section class=\"sec-padding book-form\"> <div class=\"container\"> <h2 class=\"georgia-font mb-5\"><span style=\"vertical-align: inherit;\"><span style=\"vertical-align: inherit;\">Wir rufen Sie gerne zur\u00fcck!<\/span><\/span><\/h2> <div class=\"row\"> <div class=\"col-lg-1 col-md-1 col-sm-2 col-3 d-md-none\"><img decoding=\"async\" class=\"call-back-icon\" src=\"\/wp-content\/uploads\/2021\/01\/cal5.png\" \/><\/div> <div class=\"col-lg-11 col-md-11 col-sm-10 col-9\"> <h4 class=\"mb-5\"><span style=\"vertical-align: inherit;\"><span style=\"vertical-align: inherit;\">Falls Sie eine kostenlose und unverbindliche telefonische Beratung w\u00fcnschen oder irgendeine Frage zu unseren Diensten haben lassen Sie uns doch bitte ihre Telefonnummer und wir rufen Sie zur\u00fcck.<\/span><\/span><\/h4> <\/div> <\/div> <div class=\"row\"> <div class=\"col-lg-1 col-md-1 col-sm-12 d-none d-md-block\"><img decoding=\"async\" class=\"call-back-icon\" src=\"\/wp-content\/uploads\/2021\/01\/cal5.png\" \/><\/div> <div class=\"col-lg-6 col-md-7 col-sm-12\"><!--  <a class=\"custom-btn col-12\" href=\"#cp-widget\"><img class=\"lazy loaded\" decoding=\"async\" src=\"\/wp-content\/uploads\/2021\/01\/phone-white-icon.png\" data-src=\"\/wp-content\/uploads\/2021\/01\/phone-white-icon.png\" data-was-processed=\"true\">WIR RUFEN SIE ZUR\u00dcCK<\/a>  --><\/div> <\/div> <\/div> <\/section>","protected":false},"excerpt":{"rendered":"<p>Wir rufen Sie gerne zur\u00fcck! Falls Sie eine kostenlose und unverbindliche telefonische Beratung w\u00fcnschen oder irgendeine Frage zu unseren Diensten haben lassen Sie uns doch bitte ihre Telefonnummer und wir rufen Sie zur\u00fcck.<\/p>\n","protected":false},"author":1,"featured_media":0,"parent":0,"menu_order":0,"comment_status":"closed","ping_status":"closed","template":"custom-template.php","meta":{"_coblocks_attr":"","_coblocks_dimensions":"","_coblocks_responsive_height":"","_coblocks_accordion_ie_support":"","footnotes":""},"class_list":["post-870","page","type-page","status-publish","hentry"],"yoast_head":"<!-- This site is optimized with the Yoast SEO plugin v27.2 - https:\/\/yoast.com\/product\/yoast-seo-wordpress\/ -->\n<title>Wir rufen Sie Zur\u00fcck - Thalent.com<\/title>\n<meta name=\"robots\" content=\"index, follow, max-snippet:-1, max-image-preview:large, max-video-preview:-1\" \/>\n<link rel=\"canonical\" href=\"https:\/\/www.thalent.com\/de\/wir-rufen-sie-zurueck\" \/>\n<meta property=\"og:locale\" content=\"de_DE\" \/>\n<meta property=\"og:type\" content=\"article\" \/>\n<meta property=\"og:title\" content=\"Wir rufen Sie Zur\u00fcck - Thalent.com\" \/>\n<meta property=\"og:description\" content=\"Wir rufen Sie gerne zur\u00fcck! Falls Sie eine kostenlose und unverbindliche telefonische Beratung w\u00fcnschen oder irgendeine Frage zu unseren Diensten haben lassen Sie uns doch bitte ihre Telefonnummer und wir rufen Sie zur\u00fcck.\" \/>\n<meta property=\"og:url\" content=\"https:\/\/www.thalent.com\/de\/wir-rufen-sie-zurueck\" \/>\n<meta property=\"og:site_name\" content=\"Thalent.com\" \/>\n<meta property=\"article:modified_time\" content=\"2023-03-22T15:34:47+00:00\" \/>\n<script type=\"application\/ld+json\" class=\"yoast-schema-graph\">{\"@context\":\"https:\/\/schema.org\",\"@graph\":[{\"@type\":\"WebPage\",\"@id\":\"https:\/\/www.thalent.com\/de\/wir-rufen-sie-zurueck\",\"url\":\"https:\/\/www.thalent.com\/de\/wir-rufen-sie-zurueck\",\"name\":\"Wir rufen Sie Zur\u00fcck - Thalent.com\",\"isPartOf\":{\"@id\":\"https:\/\/www.thalent.com\/#website\"},\"datePublished\":\"2021-02-08T08:48:50+00:00\",\"dateModified\":\"2023-03-22T15:34:47+00:00\",\"inLanguage\":\"de\",\"potentialAction\":[{\"@type\":\"ReadAction\",\"target\":[\"https:\/\/www.thalent.com\/de\/wir-rufen-sie-zurueck\"]}]},{\"@type\":\"WebSite\",\"@id\":\"https:\/\/www.thalent.com\/#website\",\"url\":\"https:\/\/www.thalent.com\/\",\"name\":\"Thalent.com\",\"description\":\"Thalent\",\"potentialAction\":[{\"@type\":\"SearchAction\",\"target\":{\"@type\":\"EntryPoint\",\"urlTemplate\":\"https:\/\/www.thalent.com\/?s={search_term_string}\"},\"query-input\":{\"@type\":\"PropertyValueSpecification\",\"valueRequired\":true,\"valueName\":\"search_term_string\"}}],\"inLanguage\":\"de\"}]}<\/script>\n<!-- \/ Yoast SEO plugin. -->","yoast_head_json":{"title":"Wir rufen Sie Zur\u00fcck - Thalent.com","robots":{"index":"index","follow":"follow","max-snippet":"max-snippet:-1","max-image-preview":"max-image-preview:large","max-video-preview":"max-video-preview:-1"},"canonical":"https:\/\/www.thalent.com\/de\/wir-rufen-sie-zurueck","og_locale":"de_DE","og_type":"article","og_title":"Wir rufen Sie Zur\u00fcck - Thalent.com","og_description":"Wir rufen Sie gerne zur\u00fcck! Falls Sie eine kostenlose und unverbindliche telefonische Beratung w\u00fcnschen oder irgendeine Frage zu unseren Diensten haben lassen Sie uns doch bitte ihre Telefonnummer und wir rufen Sie zur\u00fcck.","og_url":"https:\/\/www.thalent.com\/de\/wir-rufen-sie-zurueck","og_site_name":"Thalent.com","article_modified_time":"2023-03-22T15:34:47+00:00","schema":{"@context":"https:\/\/schema.org","@graph":[{"@type":"WebPage","@id":"https:\/\/www.thalent.com\/de\/wir-rufen-sie-zurueck","url":"https:\/\/www.thalent.com\/de\/wir-rufen-sie-zurueck","name":"Wir rufen Sie Zur\u00fcck - Thalent.com","isPartOf":{"@id":"https:\/\/www.thalent.com\/#website"},"datePublished":"2021-02-08T08:48:50+00:00","dateModified":"2023-03-22T15:34:47+00:00","inLanguage":"de","potentialAction":[{"@type":"ReadAction","target":["https:\/\/www.thalent.com\/de\/wir-rufen-sie-zurueck"]}]},{"@type":"WebSite","@id":"https:\/\/www.thalent.com\/#website","url":"https:\/\/www.thalent.com\/","name":"Thalent.com","description":"Thalent","potentialAction":[{"@type":"SearchAction","target":{"@type":"EntryPoint","urlTemplate":"https:\/\/www.thalent.com\/?s={search_term_string}"},"query-input":{"@type":"PropertyValueSpecification","valueRequired":true,"valueName":"search_term_string"}}],"inLanguage":"de"}]}},"_links":{"self":[{"href":"https:\/\/www.thalent.com\/de\/wp-json\/wp\/v2\/pages\/870","targetHints":{"allow":["GET"]}}],"collection":[{"href":"https:\/\/www.thalent.com\/de\/wp-json\/wp\/v2\/pages"}],"about":[{"href":"https:\/\/www.thalent.com\/de\/wp-json\/wp\/v2\/types\/page"}],"author":[{"embeddable":true,"href":"https:\/\/www.thalent.com\/de\/wp-json\/wp\/v2\/users\/1"}],"replies":[{"embeddable":true,"href":"https:\/\/www.thalent.com\/de\/wp-json\/wp\/v2\/comments?post=870"}],"version-history":[{"count":0,"href":"https:\/\/www.thalent.com\/de\/wp-json\/wp\/v2\/pages\/870\/revisions"}],"wp:attachment":[{"href":"https:\/\/www.thalent.com\/de\/wp-json\/wp\/v2\/media?parent=870"}],"curies":[{"name":"wp","href":"https:\/\/api.w.org\/{rel}","templated":true}]}}