{"id":865,"date":"2021-02-08T07:15:40","date_gmt":"2021-02-08T06:15:40","guid":{"rendered":"http:\/\/new.thalent.com\/?page_id=865"},"modified":"2023-08-08T11:49:17","modified_gmt":"2023-08-08T10:49:17","slug":"termin","status":"publish","type":"page","link":"https:\/\/www.thalent.com\/de\/termin","title":{"rendered":"Termin"},"content":{"rendered":"<section class=\"sec-padding book-form\" style=\"padding-bottom: 10px!important;\"> <div class=\"container\"> <h2 class=\"georgia-font mb-5\">Vereinbaren Sie einen Termin f\u00fcr eine kostenlose Beratung<\/h2> <div class=\"row\"> <div class=\"col-lg-1 col-md-1 col-sm-2 col-3 d-md-none\"><img decoding=\"async\" class=\"call-back-icon\" src=\"\/wp-content\/uploads\/2020\/12\/calendar-icon.png\"><\/div> <div class=\"col-lg-11 col-md-11 col-sm-10 col-9\"> <h4>Wenn Sie eine kostenlose und unverbindliche Telefonberatung w\u00fcnschen, buchen Sie diese \u00fcber den untenstehenden Kalender:<\/h4> <\/div> <\/div> <\/div> <\/section>   <iframe loading=\"lazy\" width=\"100%\" height=\"750px\" src=\"https:\/\/appointment.thalent.com\/portal-embed#\/customer\/146330000000179162\" frameborder=\"0\" allowfullscreen=\"\"> <\/iframe>","protected":false},"excerpt":{"rendered":"<p>Vereinbaren Sie einen Termin f\u00fcr eine kostenlose Beratung Wenn Sie eine kostenlose und unverbindliche Telefonberatung w\u00fcnschen, buchen Sie diese \u00fcber den untenstehenden Kalender:<\/p>\n","protected":false},"author":1,"featured_media":0,"parent":0,"menu_order":0,"comment_status":"closed","ping_status":"closed","template":"custom-template.php","meta":{"_coblocks_attr":"","_coblocks_dimensions":"","_coblocks_responsive_height":"","_coblocks_accordion_ie_support":"","footnotes":""},"class_list":["post-865","page","type-page","status-publish","hentry"],"yoast_head":"<!-- This site is optimized with the Yoast SEO plugin v27.2 - https:\/\/yoast.com\/product\/yoast-seo-wordpress\/ -->\n<title>Termin - Thalent.com<\/title>\n<meta name=\"robots\" content=\"index, follow, max-snippet:-1, max-image-preview:large, max-video-preview:-1\" \/>\n<link rel=\"canonical\" href=\"https:\/\/www.thalent.com\/de\/termin\" \/>\n<meta property=\"og:locale\" content=\"de_DE\" \/>\n<meta property=\"og:type\" content=\"article\" \/>\n<meta property=\"og:title\" content=\"Termin - Thalent.com\" \/>\n<meta property=\"og:description\" content=\"Vereinbaren Sie einen Termin f\u00fcr eine kostenlose Beratung Wenn Sie eine kostenlose und unverbindliche Telefonberatung w\u00fcnschen, buchen Sie diese \u00fcber den untenstehenden Kalender:\" \/>\n<meta property=\"og:url\" content=\"https:\/\/www.thalent.com\/de\/termin\" \/>\n<meta property=\"og:site_name\" content=\"Thalent.com\" \/>\n<meta property=\"article:modified_time\" content=\"2023-08-08T10:49:17+00:00\" \/>\n<script type=\"application\/ld+json\" class=\"yoast-schema-graph\">{\"@context\":\"https:\/\/schema.org\",\"@graph\":[{\"@type\":\"WebPage\",\"@id\":\"https:\/\/www.thalent.com\/de\/termin\",\"url\":\"https:\/\/www.thalent.com\/de\/termin\",\"name\":\"Termin - Thalent.com\",\"isPartOf\":{\"@id\":\"https:\/\/www.thalent.com\/#website\"},\"datePublished\":\"2021-02-08T06:15:40+00:00\",\"dateModified\":\"2023-08-08T10:49:17+00:00\",\"inLanguage\":\"de\",\"potentialAction\":[{\"@type\":\"ReadAction\",\"target\":[\"https:\/\/www.thalent.com\/de\/termin\"]}]},{\"@type\":\"WebSite\",\"@id\":\"https:\/\/www.thalent.com\/#website\",\"url\":\"https:\/\/www.thalent.com\/\",\"name\":\"Thalent.com\",\"description\":\"Thalent\",\"potentialAction\":[{\"@type\":\"SearchAction\",\"target\":{\"@type\":\"EntryPoint\",\"urlTemplate\":\"https:\/\/www.thalent.com\/?s={search_term_string}\"},\"query-input\":{\"@type\":\"PropertyValueSpecification\",\"valueRequired\":true,\"valueName\":\"search_term_string\"}}],\"inLanguage\":\"de\"}]}<\/script>\n<!-- \/ Yoast SEO plugin. -->","yoast_head_json":{"title":"Termin - Thalent.com","robots":{"index":"index","follow":"follow","max-snippet":"max-snippet:-1","max-image-preview":"max-image-preview:large","max-video-preview":"max-video-preview:-1"},"canonical":"https:\/\/www.thalent.com\/de\/termin","og_locale":"de_DE","og_type":"article","og_title":"Termin - Thalent.com","og_description":"Vereinbaren Sie einen Termin f\u00fcr eine kostenlose Beratung Wenn Sie eine kostenlose und unverbindliche Telefonberatung w\u00fcnschen, buchen Sie diese \u00fcber den untenstehenden Kalender:","og_url":"https:\/\/www.thalent.com\/de\/termin","og_site_name":"Thalent.com","article_modified_time":"2023-08-08T10:49:17+00:00","schema":{"@context":"https:\/\/schema.org","@graph":[{"@type":"WebPage","@id":"https:\/\/www.thalent.com\/de\/termin","url":"https:\/\/www.thalent.com\/de\/termin","name":"Termin - Thalent.com","isPartOf":{"@id":"https:\/\/www.thalent.com\/#website"},"datePublished":"2021-02-08T06:15:40+00:00","dateModified":"2023-08-08T10:49:17+00:00","inLanguage":"de","potentialAction":[{"@type":"ReadAction","target":["https:\/\/www.thalent.com\/de\/termin"]}]},{"@type":"WebSite","@id":"https:\/\/www.thalent.com\/#website","url":"https:\/\/www.thalent.com\/","name":"Thalent.com","description":"Thalent","potentialAction":[{"@type":"SearchAction","target":{"@type":"EntryPoint","urlTemplate":"https:\/\/www.thalent.com\/?s={search_term_string}"},"query-input":{"@type":"PropertyValueSpecification","valueRequired":true,"valueName":"search_term_string"}}],"inLanguage":"de"}]}},"_links":{"self":[{"href":"https:\/\/www.thalent.com\/de\/wp-json\/wp\/v2\/pages\/865","targetHints":{"allow":["GET"]}}],"collection":[{"href":"https:\/\/www.thalent.com\/de\/wp-json\/wp\/v2\/pages"}],"about":[{"href":"https:\/\/www.thalent.com\/de\/wp-json\/wp\/v2\/types\/page"}],"author":[{"embeddable":true,"href":"https:\/\/www.thalent.com\/de\/wp-json\/wp\/v2\/users\/1"}],"replies":[{"embeddable":true,"href":"https:\/\/www.thalent.com\/de\/wp-json\/wp\/v2\/comments?post=865"}],"version-history":[{"count":0,"href":"https:\/\/www.thalent.com\/de\/wp-json\/wp\/v2\/pages\/865\/revisions"}],"wp:attachment":[{"href":"https:\/\/www.thalent.com\/de\/wp-json\/wp\/v2\/media?parent=865"}],"curies":[{"name":"wp","href":"https:\/\/api.w.org\/{rel}","templated":true}]}}