{"id":794,"date":"2021-02-01T05:19:52","date_gmt":"2021-02-01T05:19:52","guid":{"rendered":"http:\/\/new.thalent.com\/?page_id=794"},"modified":"2021-06-25T07:55:09","modified_gmt":"2021-06-25T06:55:09","slug":"cookies","status":"publish","type":"page","link":"https:\/\/www.thalent.com\/de\/cookies","title":{"rendered":"Cookies"},"content":{"rendered":"<section class=\"sec-padding\"> <div class=\"container\"> <h2 class=\"georgia-font mb-5\">Cookies, Cookie-Richtlinie, Pixel, Automatisch gesammelte nicht-personenbezogene Daten<\/h2> <p class=\"mb-3\">Diese Cookie-Richtlinie ist Teil <a href=\"https:\/\/www.new.thalent.com\/de\/allgemeine-nutzungsbedingungen\">unserer allgemeinen Nutzungsbedingungen (ANB)<\/a> und Sie nehmen diese an, indem Sie die Website of Thalent AG, Thalent.com nutzen.<\/p> <p class=\"mb-3\">Bei jedem Ihrer Besuche auf der Website Thalent.com werden Nicht-Personenbezogene-, Anonyme-Daten \u00fcber Ihre Verbindung und Ihre Navigation gesammelt. Zur Erfassung dieser Daten k\u00f6nnen verschiedene Technologien wie &#8222;Cookies&#8220;, &#8222;Skripte&#8220;, &#8222;Pixel&#8220; oder &#8222;Redirects&#8220; verwendet werden.<\/p> <p class=\"mb-3\">Alle betroffenen Technologien werden auf dieser Seite hier, Cookies aufgef\u00fchrt.<\/p> <p class=\"mb-3\">Der Zweck der Cookies und der anderen Technologien besteht darin, bestimmte Funktionen der Website zu aktivieren oder zu verbessern oder Informationen bereitzustellen, wie z. B. die Erinnerung von Ihrer Auswahl, die von Ihnen besuchten Seiten, die von Ihnen gew\u00fcnschten Waren oder Dienstleistungen, einschlie\u00dflich der Bereitstellung von Inhalten und Werbung, die auf Interessen zugeschnitten sind die w\u00e4hrend Ihrer Navigation im Internet ge\u00e4u\u00dfert haben, oder Remarketing.<\/p> <p class=\"mb-3\">&#8211; \u00dcber Cookies gesammelte Daten:<\/p> <p class=\"mb-3\">Ein Cookie ist eine Textdatei, die Informationen enth\u00e4lt, die beim Betrachten einer Webseite, einer mobilen Anwendung oder einer Online-Werbung hinterlegt und \u00fcber einen Webbrowser oder eine mobile Anwendung auf Ihrem Computer oder Mobilger\u00e4t gespeichert werden.<\/p> <p class=\"mb-3\">Weitere Informationen zu Cookies finden Sie auf den folgenden Seiten:<\/p> <p class=\"mb-3\"><a href=\"https:\/\/de.wikipedia.org\/wiki\/HTTP-Cookie\" target=\"_blank\" rel=\"noopener\">https:\/\/de.wikipedia.org\/wiki\/HTTP-Cookie<\/a><br \/> <a href=\"http:\/\/www.aboutcookies.org\" target=\"_blank\" rel=\"noopener\">www.aboutcookies.org<\/a><\/p> <p class=\"mb-3\">&#8211; Daten, die von anderen Werbe-Tracking-Technologien gesammelt werden:<\/p> <p class=\"mb-3\">Thalent.com nutzt auch eine Reihe von Werbe-, Statistik- und Tracking-Tools von Drittanbietern, die andere Technologien wie Skripte, Pixel und Weiterleitungen verwenden.<\/p> <p class=\"mb-3\">Skripte, auch Tags genannt, sind Programmiercodes, die in Ihrem Browser oder Ihrer mobilen Anwendung laufen, um verschiedene Aktionen durchzuf\u00fchren, wie z.B. das Senden von Informationen. Skripte sind auch in der Lage, Pixel zu erzeugen.<\/p> <p class=\"mb-3\">Pixels sind Programmiercodes, die verwendet werden um ein transparentes oder nicht-transparentes Bild auf einer Webseite oder in einer E-Mail anzuzeigen.<\/p> <p class=\"mb-3\">Wenn ein Benutzer z. B. auf einen Share-Button in einem Blogbeitrag klickt, erstellt ein Skript ein Pixel, das den Share z\u00e4hlt.<\/p> <p class=\"mb-3\">Weiterleitungen werden verwendet, um eine Webseite unter mehreren Seiten-Adressen (URLs) verf\u00fcgbar zu machen. Wenn ein Browser eine Weiterleitungs-URL \u00f6ffnet, wird eine Seite mit einer anderen URL ge\u00f6ffnet.<\/p> <p class=\"mb-3\">Die verschiedenen Technologien erm\u00f6glichen den Zugriff auf anonyme Informationen:<br \/> &#8211; \u00dcber Ihre Nutzung der Website und der Anwendungen, die wir haben<br \/> &#8211; Bez\u00fcglich der Zeit und des Datums eines Seitenaufrufs<br \/> &#8211; \u00dcber eine Beschreibung der Seite, auf der der Web-Beacon platziert ist<br \/> &#8211; \u00dcber das Lesen oder Nichtlesen von E-Mails, die wir Ihnen schicken, \u00fcber die &#8211; Klicks, die Sie machen in diesen E-Mails enthaltenen Links machen<br \/> &#8211; Bez\u00fcglich der Webseite oder Werbung, die Sie auf unsere Website oder Anwendungen weitergeleitet hat<\/p> <p class=\"mb-3\">Sie k\u00f6nnen Ihren Browser jederzeit so einstellen, dass er Cookies akzeptiert oder ablehnt. Die Hersteller von Browsern bieten Hilfeseiten zur Verwaltung von Cookies an. Hier finden Sie weitere Informationen, z.B:<\/p> <p class=\"mb-3\"><a href=\"https:\/\/support.google.com\/chrome\/answer\/95647?hl=de\" target=\"_blank\" rel=\"noopener\">Google Chrome<\/a><br \/> <a href=\"https:\/\/support.microsoft.com\/de-de\/topic\/beschreibung-von-cookies-ad01aa7e-66c9-8ab2-7898-6652c100999d\" target=\"_blank\" rel=\"noopener\">Internet Explorer<\/a><br \/> <a href=\"https:\/\/support.mozilla.org\/de\/kb\/cookies-informationen-websites-auf-ihrem-computer\" target=\"_blank\" rel=\"noopener\">Mozilla Firefox<\/a><br \/> <a href=\"https:\/\/support.apple.com\/de-ch\/guide\/safari\/sfri11471\/mac\" target=\"_blank\" rel=\"noopener\">Safari (Desktop)<\/a><br \/> <a href=\"https:\/\/support.apple.com\/de-ch\/HT201265\" target=\"_blank\" rel=\"noopener\">Safari (Mobil)<\/a><br \/> <a href=\"https:\/\/support.google.com\/android\/?hl=enanswer%3D2425067#topic=7311596\" target=\"_blank\" rel=\"noopener\">Android Browser<\/a><br \/> <a href=\"https:\/\/www.opera.com\/de\/help\" target=\"_blank\" rel=\"noopener\">Opera<\/a><br \/> <a href=\"https:\/\/www.opera.com\/de\/help\" target=\"_blank\" rel=\"noopener\">Opera Mobile<\/a><\/p> <p class=\"mb-3\">Es gibt auch eine Vielzahl kostenlose Anwendungen, die Sie herunterladen und installieren k\u00f6nnen und mit denen Sie Cookies und die meisten anderen Werbe-Tracking-Technologien blockieren k\u00f6nnen: es sind sogenannte Cookie-Blocker oder Ad-Blocker.<\/p> <p class=\"mb-3\">Durch das Blockieren von Cookies oder anderen Ad-Tracking-Technologien ist es jedoch m\u00f6glich, dass einige Funktionen unserer Website nicht mehr funktionieren.<\/p> <p class=\"mb-3\">&#8211; Ausschluss der Haftung:<\/p> <p class=\"mb-3\">Wir k\u00f6nnen diese Cookie-Richtlinie aus verschiedenen rechtlichen oder betrieblichen Gr\u00fcnden aktualisieren, sind aber nicht verpflichtet, Sie \u00fcber solche Aktualisierungen zu informieren. Wir laden Sie daher ein, diese Seite regelm\u00e4\u00dfig zu besuchen und zu lesen.<\/p> <p class=\"mb-3\">Durch die Nutzung unserer Website erkl\u00e4ren Sie sich damit einverstanden, dass, wenn Sie Cookies oder andere Technologien nicht selbst blockieren, die oben erl\u00e4uterten Informationen gesendet werden.<\/p> <p class=\"mb-3\">Weitere Informationen finden Sie auf der Seite <a href=\"https:\/\/www.new.thalent.com\/de\/datenschutzbestimmungen\">Datenschutzbestimmungen<\/a>.<\/p> <\/div> <\/section>","protected":false},"excerpt":{"rendered":"<p>Cookies, Cookie-Richtlinie, Pixel, Automatisch gesammelte nicht-personenbezogene Daten Diese Cookie-Richtlinie ist Teil unserer allgemeinen Nutzungsbedingungen (ANB) und Sie nehmen diese an, indem Sie die Website of Thalent AG, Thalent.com nutzen. Bei jedem Ihrer Besuche auf der Website Thalent.com werden Nicht-Personenbezogene-, Anonyme-Daten \u00fcber Ihre Verbindung und Ihre Navigation gesammelt. Zur Erfassung dieser Daten k\u00f6nnen verschiedene Technologien wie [&hellip;]<\/p>\n","protected":false},"author":1,"featured_media":0,"parent":0,"menu_order":0,"comment_status":"closed","ping_status":"closed","template":"custom-template.php","meta":{"_coblocks_attr":"","_coblocks_dimensions":"","_coblocks_responsive_height":"","_coblocks_accordion_ie_support":"","footnotes":""},"class_list":["post-794","page","type-page","status-publish","hentry"],"yoast_head":"<!-- This site is optimized with the Yoast SEO plugin v27.2 - https:\/\/yoast.com\/product\/yoast-seo-wordpress\/ -->\n<title>Cookies - Thalent.com<\/title>\n<meta name=\"robots\" content=\"noindex, nofollow\" \/>\n<meta property=\"og:locale\" content=\"de_DE\" \/>\n<meta property=\"og:type\" content=\"article\" \/>\n<meta property=\"og:title\" content=\"Cookies - Thalent.com\" \/>\n<meta property=\"og:description\" content=\"Cookies, Cookie-Richtlinie, Pixel, Automatisch gesammelte nicht-personenbezogene Daten Diese Cookie-Richtlinie ist Teil unserer allgemeinen Nutzungsbedingungen (ANB) und Sie nehmen diese an, indem Sie die Website of Thalent AG, Thalent.com nutzen. Bei jedem Ihrer Besuche auf der Website Thalent.com werden Nicht-Personenbezogene-, Anonyme-Daten \u00fcber Ihre Verbindung und Ihre Navigation gesammelt. Zur Erfassung dieser Daten k\u00f6nnen verschiedene Technologien wie [&hellip;]\" \/>\n<meta property=\"og:url\" content=\"https:\/\/www.thalent.com\/de\/cookies\" \/>\n<meta property=\"og:site_name\" content=\"Thalent.com\" \/>\n<meta property=\"article:modified_time\" content=\"2021-06-25T06:55:09+00:00\" \/>\n<script type=\"application\/ld+json\" class=\"yoast-schema-graph\">{\"@context\":\"https:\/\/schema.org\",\"@graph\":[{\"@type\":\"WebPage\",\"@id\":\"https:\/\/www.thalent.com\/de\/cookies\",\"url\":\"https:\/\/www.thalent.com\/de\/cookies\",\"name\":\"Cookies - Thalent.com\",\"isPartOf\":{\"@id\":\"https:\/\/www.thalent.com\/#website\"},\"datePublished\":\"2021-02-01T05:19:52+00:00\",\"dateModified\":\"2021-06-25T06:55:09+00:00\",\"inLanguage\":\"de\",\"potentialAction\":[{\"@type\":\"ReadAction\",\"target\":[\"https:\/\/www.thalent.com\/de\/cookies\"]}]},{\"@type\":\"WebSite\",\"@id\":\"https:\/\/www.thalent.com\/#website\",\"url\":\"https:\/\/www.thalent.com\/\",\"name\":\"Thalent.com\",\"description\":\"Thalent\",\"potentialAction\":[{\"@type\":\"SearchAction\",\"target\":{\"@type\":\"EntryPoint\",\"urlTemplate\":\"https:\/\/www.thalent.com\/?s={search_term_string}\"},\"query-input\":{\"@type\":\"PropertyValueSpecification\",\"valueRequired\":true,\"valueName\":\"search_term_string\"}}],\"inLanguage\":\"de\"}]}<\/script>\n<!-- \/ Yoast SEO plugin. -->","yoast_head_json":{"title":"Cookies - Thalent.com","robots":{"index":"noindex","follow":"nofollow"},"og_locale":"de_DE","og_type":"article","og_title":"Cookies - Thalent.com","og_description":"Cookies, Cookie-Richtlinie, Pixel, Automatisch gesammelte nicht-personenbezogene Daten Diese Cookie-Richtlinie ist Teil unserer allgemeinen Nutzungsbedingungen (ANB) und Sie nehmen diese an, indem Sie die Website of Thalent AG, Thalent.com nutzen. Bei jedem Ihrer Besuche auf der Website Thalent.com werden Nicht-Personenbezogene-, Anonyme-Daten \u00fcber Ihre Verbindung und Ihre Navigation gesammelt. Zur Erfassung dieser Daten k\u00f6nnen verschiedene Technologien wie [&hellip;]","og_url":"https:\/\/www.thalent.com\/de\/cookies","og_site_name":"Thalent.com","article_modified_time":"2021-06-25T06:55:09+00:00","schema":{"@context":"https:\/\/schema.org","@graph":[{"@type":"WebPage","@id":"https:\/\/www.thalent.com\/de\/cookies","url":"https:\/\/www.thalent.com\/de\/cookies","name":"Cookies - Thalent.com","isPartOf":{"@id":"https:\/\/www.thalent.com\/#website"},"datePublished":"2021-02-01T05:19:52+00:00","dateModified":"2021-06-25T06:55:09+00:00","inLanguage":"de","potentialAction":[{"@type":"ReadAction","target":["https:\/\/www.thalent.com\/de\/cookies"]}]},{"@type":"WebSite","@id":"https:\/\/www.thalent.com\/#website","url":"https:\/\/www.thalent.com\/","name":"Thalent.com","description":"Thalent","potentialAction":[{"@type":"SearchAction","target":{"@type":"EntryPoint","urlTemplate":"https:\/\/www.thalent.com\/?s={search_term_string}"},"query-input":{"@type":"PropertyValueSpecification","valueRequired":true,"valueName":"search_term_string"}}],"inLanguage":"de"}]}},"_links":{"self":[{"href":"https:\/\/www.thalent.com\/de\/wp-json\/wp\/v2\/pages\/794","targetHints":{"allow":["GET"]}}],"collection":[{"href":"https:\/\/www.thalent.com\/de\/wp-json\/wp\/v2\/pages"}],"about":[{"href":"https:\/\/www.thalent.com\/de\/wp-json\/wp\/v2\/types\/page"}],"author":[{"embeddable":true,"href":"https:\/\/www.thalent.com\/de\/wp-json\/wp\/v2\/users\/1"}],"replies":[{"embeddable":true,"href":"https:\/\/www.thalent.com\/de\/wp-json\/wp\/v2\/comments?post=794"}],"version-history":[{"count":0,"href":"https:\/\/www.thalent.com\/de\/wp-json\/wp\/v2\/pages\/794\/revisions"}],"wp:attachment":[{"href":"https:\/\/www.thalent.com\/de\/wp-json\/wp\/v2\/media?parent=794"}],"curies":[{"name":"wp","href":"https:\/\/api.w.org\/{rel}","templated":true}]}}