{"id":748,"date":"2021-01-30T09:37:46","date_gmt":"2021-01-30T08:37:46","guid":{"rendered":"http:\/\/new.thalent.com\/?page_id=748"},"modified":"2024-06-06T13:18:14","modified_gmt":"2024-06-06T12:18:14","slug":"kontaktieren-sie-uns","status":"publish","type":"page","link":"https:\/\/www.thalent.com\/de\/kontaktieren-sie-uns","title":{"rendered":"Kontaktieren Sie uns"},"content":{"rendered":"<section class=\"sec-padding contact-us\"> <div class=\"container\"> <h2 class=\"georgia-font mb-5\">Unternehmen &#8211; Kontaktieren Sie uns<\/h2> <h4 class=\"mb-5\">Wenn Sie eine schweizer oder ausl\u00e4ndische Firma sind, die unabh\u00e4ngige Berater mit Wohnsitz in der Schweiz einstellen m\u00f6chte, nehmen Sie bitte Kontakt mit uns auf. Wir werden Sie umgehend zur\u00fcckrufen und werden Ihnen eine auf Ihre Bed\u00fcrfnisse zugeschnittene L\u00f6sung anbieten.<\/h4> <div class=\"row\"> <div class=\"col-md-6 col-sm-12 col-12 order-md-1\"><script>\nvar gform;gform||(document.addEventListener(\"gform_main_scripts_loaded\",function(){gform.scriptsLoaded=!0}),document.addEventListener(\"gform\/theme\/scripts_loaded\",function(){gform.themeScriptsLoaded=!0}),window.addEventListener(\"DOMContentLoaded\",function(){gform.domLoaded=!0}),gform={domLoaded:!1,scriptsLoaded:!1,themeScriptsLoaded:!1,isFormEditor:()=>\"function\"==typeof InitializeEditor,callIfLoaded:function(o){return!(!gform.domLoaded||!gform.scriptsLoaded||!gform.themeScriptsLoaded&&!gform.isFormEditor()||(gform.isFormEditor()&&console.warn(\"The use of gform.initializeOnLoaded() is deprecated in the form editor context and will be removed in Gravity Forms 3.1.\"),o(),0))},initializeOnLoaded:function(o){gform.callIfLoaded(o)||(document.addEventListener(\"gform_main_scripts_loaded\",()=>{gform.scriptsLoaded=!0,gform.callIfLoaded(o)}),document.addEventListener(\"gform\/theme\/scripts_loaded\",()=>{gform.themeScriptsLoaded=!0,gform.callIfLoaded(o)}),window.addEventListener(\"DOMContentLoaded\",()=>{gform.domLoaded=!0,gform.callIfLoaded(o)}))},hooks:{action:{},filter:{}},addAction:function(o,r,e,t){gform.addHook(\"action\",o,r,e,t)},addFilter:function(o,r,e,t){gform.addHook(\"filter\",o,r,e,t)},doAction:function(o){gform.doHook(\"action\",o,arguments)},applyFilters:function(o){return gform.doHook(\"filter\",o,arguments)},removeAction:function(o,r){gform.removeHook(\"action\",o,r)},removeFilter:function(o,r,e){gform.removeHook(\"filter\",o,r,e)},addHook:function(o,r,e,t,n){null==gform.hooks[o][r]&&(gform.hooks[o][r]=[]);var d=gform.hooks[o][r];null==n&&(n=r+\"_\"+d.length),gform.hooks[o][r].push({tag:n,callable:e,priority:t=null==t?10:t})},doHook:function(r,o,e){var t;if(e=Array.prototype.slice.call(e,1),null!=gform.hooks[r][o]&&((o=gform.hooks[r][o]).sort(function(o,r){return o.priority-r.priority}),o.forEach(function(o){\"function\"!=typeof(t=o.callable)&&(t=window[t]),\"action\"==r?t.apply(null,e):e[0]=t.apply(null,e)})),\"filter\"==r)return e[0]},removeHook:function(o,r,t,n){var e;null!=gform.hooks[o][r]&&(e=(e=gform.hooks[o][r]).filter(function(o,r,e){return!!(null!=n&&n!=o.tag||null!=t&&t!=o.priority)}),gform.hooks[o][r]=e)}});\n<\/script>                  <div class='gf_browser_gecko gform_wrapper gravity-theme gform-theme--no-framework' data-form-theme='gravity-theme' data-form-index='0' id='gform_wrapper_3' >                         <div class='gform_heading'>                             <p class='gform_description'><\/p> \t\t\t\t\t\t\t<p class='gform_required_legend'>\u201e<span class=\"gfield_required gfield_required_asterisk\">*<\/span>\u201c zeigt erforderliche Felder an<\/p>                         <\/div><form method='post' enctype='multipart\/form-data'  id='gform_3'  action='\/de\/wp-json\/wp\/v2\/pages\/748' data-formid='3' novalidate>                         <div class='gform-body gform_body'><div id='gform_fields_3' class='gform_fields top_label form_sublabel_below description_below validation_below'><div id=\"field_3_1\" class=\"gfield gfield--type-text gfield--input-type-text gfield--width-full gfield_contains_required field_sublabel_below gfield--no-description field_description_below hidden_label field_validation_below gfield_visibility_visible\"  ><label class='gfield_label gform-field-label' for='input_3_1'>Name<span class=\"gfield_required\"><span class=\"gfield_required gfield_required_asterisk\">*<\/span><\/span><\/label><div class='ginput_container ginput_container_text'><input name='input_1' id='input_3_1' type='text' value='' class='large'    placeholder='Name' aria-required=\"true\" aria-invalid=\"false\"   \/><\/div><\/div><div id=\"field_3_2\" class=\"gfield gfield--type-text gfield--input-type-text gfield--width-full gfield_contains_required field_sublabel_below gfield--no-description field_description_below hidden_label field_validation_below gfield_visibility_visible\"  ><label class='gfield_label gform-field-label' for='input_3_2'>Name der Firma<span class=\"gfield_required\"><span class=\"gfield_required gfield_required_asterisk\">*<\/span><\/span><\/label><div class='ginput_container ginput_container_text'><input name='input_2' id='input_3_2' type='text' value='' class='large'    placeholder='Name der Firma' aria-required=\"true\" aria-invalid=\"false\"   \/><\/div><\/div><div id=\"field_3_3\" class=\"gfield gfield--type-email gfield--input-type-email gfield--width-full gfield_contains_required field_sublabel_below gfield--no-description field_description_below hidden_label field_validation_below gfield_visibility_visible\"  ><label class='gfield_label gform-field-label' for='input_3_3'>E-Mail<span class=\"gfield_required\"><span class=\"gfield_required gfield_required_asterisk\">*<\/span><\/span><\/label><div class='ginput_container ginput_container_email'>                             <input name='input_3' id='input_3_3' type='email' value='' class='large'   placeholder='E-Mail' aria-required=\"true\" aria-invalid=\"false\"  \/>                         <\/div><\/div><div id=\"field_3_4\" class=\"gfield gfield--type-phone gfield--input-type-phone gfield--width-full numeric-only gfield_contains_required field_sublabel_below gfield--no-description field_description_below hidden_label field_validation_below gfield_visibility_visible\"  ><label class='gfield_label gform-field-label' for='input_3_4'>Telefonnummer<span class=\"gfield_required\"><span class=\"gfield_required gfield_required_asterisk\">*<\/span><\/span><\/label><div class='ginput_container ginput_container_phone'><input name='input_4' id='input_3_4' type='tel' value='' class='large'  placeholder='Telefonnummer' aria-required=\"true\" aria-invalid=\"false\"   \/><\/div><\/div><div id=\"field_3_5\" class=\"gfield gfield--type-textarea gfield--input-type-textarea gfield--width-full gfield_contains_required field_sublabel_below gfield--no-description field_description_below hidden_label field_validation_below gfield_visibility_visible\"  ><label class='gfield_label gform-field-label' for='input_3_5'>Nachricht<span class=\"gfield_required\"><span class=\"gfield_required gfield_required_asterisk\">*<\/span><\/span><\/label><div class='ginput_container ginput_container_textarea'><textarea name='input_5' id='input_3_5' class='textarea large'    placeholder='Nachricht' aria-required=\"true\" aria-invalid=\"false\"   rows='10' cols='50'><\/textarea><\/div><\/div><div id=\"field_3_6\" class=\"gfield gfield--type-handlfree_utm_source gfield--input-type-handlfree_utm_source gfield--width-full field_sublabel_below gfield--no-description field_description_below field_validation_below gfield_visibility_visible\"  ><div class='ginput_container ginput_container_text'><input name='input_6' id='input_3_6' type='hidden' class='gform_hidden'  aria-invalid=\"false\" value='' \/><\/div><\/div><div id=\"field_3_7\" class=\"gfield gfield--type-handlfree_utm_campaign gfield--input-type-handlfree_utm_campaign gfield--width-full field_sublabel_below gfield--no-description field_description_below field_validation_below gfield_visibility_visible\"  ><div class='ginput_container ginput_container_text'><input name='input_7' id='input_3_7' type='hidden' class='gform_hidden'  aria-invalid=\"false\" value='' \/><\/div><\/div><div id=\"field_3_8\" class=\"gfield gfield--type-handlfree_utm_medium gfield--input-type-handlfree_utm_medium gfield--width-full field_sublabel_below gfield--no-description field_description_below field_validation_below gfield_visibility_visible\"  ><div class='ginput_container ginput_container_text'><input name='input_8' id='input_3_8' type='hidden' class='gform_hidden'  aria-invalid=\"false\" value='' \/><\/div><\/div><div id=\"field_3_12\" class=\"gfield gfield--type-captcha gfield--input-type-captcha gfield--width-full field_sublabel_below gfield--no-description field_description_below hidden_label field_validation_below gfield_visibility_visible\"  ><label class='gfield_label gform-field-label' for='input_3_12'>CAPTCHA<\/label><div id='input_3_12' class='ginput_container ginput_recaptcha' data-sitekey='6LcIbG0sAAAAAAuqAJk3oU-OP37RNxAe8KrsVu59'  data-theme='light' data-tabindex='-1' data-size='invisible' data-badge='bottomright'><\/div><\/div><div id=\"field_3_9\" class=\"gfield gfield--type-hidden gfield--input-type-hidden gfield--width-full gform_hidden field_sublabel_below gfield--no-description field_description_below field_validation_below gfield_visibility_visible\"  ><div class='ginput_container ginput_container_text'><input name='input_9' id='input_3_9' type='hidden' class='gform_hidden'  aria-invalid=\"false\" value='de' \/><\/div><\/div><div id=\"field_3_10\" class=\"gfield gfield--type-hidden gfield--input-type-hidden gfield--width-full gform_hidden field_sublabel_below gfield--no-description field_description_below field_validation_below gfield_visibility_visible\"  ><div class='ginput_container ginput_container_text'><input name='input_10' id='input_3_10' type='hidden' class='gform_hidden'  aria-invalid=\"false\" value='' \/><\/div><\/div><div id=\"field_3_11\" class=\"gfield gfield--type-hidden gfield--input-type-hidden gfield--width-full gform_hidden field_sublabel_below gfield--no-description field_description_below field_validation_below gfield_visibility_visible\"  ><div class='ginput_container ginput_container_text'><input name='input_11' id='input_3_11' type='hidden' class='gform_hidden'  aria-invalid=\"false\" value='' \/><\/div><\/div><\/div><\/div>         <div class='gform-footer gform_footer top_label'> <input type='submit' id='gform_submit_button_3' class='gform_button button' onclick='gform.submission.handleButtonClick(this);' data-submission-type='submit' value='KONTAKTIEREN SIE UNS'  \/>              <input type='hidden' class='gform_hidden' name='gform_submission_method' data-js='gform_submission_method_3' value='postback' \/>             <input type='hidden' class='gform_hidden' name='gform_theme' data-js='gform_theme_3' id='gform_theme_3' value='gravity-theme' \/>             <input type='hidden' class='gform_hidden' name='gform_style_settings' data-js='gform_style_settings_3' id='gform_style_settings_3' value='[]' \/>             <input type='hidden' class='gform_hidden' name='is_submit_3' value='1' \/>             <input type='hidden' class='gform_hidden' name='gform_submit' value='3' \/>                          <input type='hidden' class='gform_hidden' name='gform_currency' data-currency='CHF' value='O11Gm1LC0alLPwEWGB4QYhA31xObTPOeor7jg7PSjyN\/+7T3D39IUVumd5dwHq3OhcILIBvxFP\/\/tPnV5oScJW+vYHC3mf3cGUQV2fUMRU3ykO0=' \/>             <input type='hidden' class='gform_hidden' name='gform_unique_id' value='' \/>             <input type='hidden' class='gform_hidden' name='state_3' value='WyJbXSIsImU4MjM2NjY3ODkyYTYxMzhkMzBhNTFkZWI3YTA5N2UzIl0=' \/>             <input type='hidden' autocomplete='off' class='gform_hidden' name='gform_target_page_number_3' id='gform_target_page_number_3' value='0' \/>             <input type='hidden' autocomplete='off' class='gform_hidden' name='gform_source_page_number_3' id='gform_source_page_number_3' value='1' \/>             <input type='hidden' name='gform_field_values' value='' \/>                      <\/div>                         <p style=\"display: none !important;\" class=\"akismet-fields-container\" data-prefix=\"ak_\"><label>&#916;<textarea name=\"ak_hp_textarea\" cols=\"45\" rows=\"8\" maxlength=\"100\"><\/textarea><\/label><input type=\"hidden\" id=\"ak_js_1\" name=\"ak_js\" value=\"23\"\/><script>document.getElementById( \"ak_js_1\" ).setAttribute( \"value\", ( new Date() ).getTime() );<\/script><\/p><\/form>                         <\/div><script>\ngform.initializeOnLoaded( function() {gformInitSpinner( 3, 'https:\/\/www.thalent.com\/wp-content\/plugins\/gravityforms\/images\/spinner.svg', true );jQuery('#gform_ajax_frame_3').on('load',function(){var contents = jQuery(this).contents().find('*').html();var is_postback = contents.indexOf('GF_AJAX_POSTBACK') >= 0;if(!is_postback){return;}var form_content = jQuery(this).contents().find('#gform_wrapper_3');var is_confirmation = jQuery(this).contents().find('#gform_confirmation_wrapper_3').length > 0;var is_redirect = contents.indexOf('gformRedirect(){') >= 0;var is_form = form_content.length > 0 && ! is_redirect && ! is_confirmation;var mt = parseInt(jQuery('html').css('margin-top'), 10) + parseInt(jQuery('body').css('margin-top'), 10) + 100;if(is_form){jQuery('#gform_wrapper_3').html(form_content.html());if(form_content.hasClass('gform_validation_error')){jQuery('#gform_wrapper_3').addClass('gform_validation_error');} else {jQuery('#gform_wrapper_3').removeClass('gform_validation_error');}setTimeout( function() { \/* delay the scroll by 50 milliseconds to fix a bug in chrome *\/  }, 50 );if(window['gformInitDatepicker']) {gformInitDatepicker();}if(window['gformInitPriceFields']) {gformInitPriceFields();}var current_page = jQuery('#gform_source_page_number_3').val();gformInitSpinner( 3, 'https:\/\/www.thalent.com\/wp-content\/plugins\/gravityforms\/images\/spinner.svg', true );jQuery(document).trigger('gform_page_loaded', [3, current_page]);window['gf_submitting_3'] = false;}else if(!is_redirect){var confirmation_content = jQuery(this).contents().find('.GF_AJAX_POSTBACK').html();if(!confirmation_content){confirmation_content = contents;}jQuery('#gform_wrapper_3').replaceWith(confirmation_content);jQuery(document).trigger('gform_confirmation_loaded', [3]);window['gf_submitting_3'] = false;wp.a11y.speak(jQuery('#gform_confirmation_message_3').text());}else{jQuery('#gform_3').append(contents);if(window['gformRedirect']) {gformRedirect();}}jQuery(document).trigger(\"gform_pre_post_render\", [{ formId: \"3\", currentPage: \"current_page\", abort: function() { this.preventDefault(); } }]);        if (event && event.defaultPrevented) {                return;        }        const gformWrapperDiv = document.getElementById( \"gform_wrapper_3\" );        if ( gformWrapperDiv ) {            const visibilitySpan = document.createElement( \"span\" );            visibilitySpan.id = \"gform_visibility_test_3\";            gformWrapperDiv.insertAdjacentElement( \"afterend\", visibilitySpan );        }        const visibilityTestDiv = document.getElementById( \"gform_visibility_test_3\" );        let postRenderFired = false;        function triggerPostRender() {            if ( postRenderFired ) {                return;            }            postRenderFired = true;            gform.core.triggerPostRenderEvents( 3, current_page );            if ( visibilityTestDiv ) {                visibilityTestDiv.parentNode.removeChild( visibilityTestDiv );            }        }        function debounce( func, wait, immediate ) {            var timeout;            return function() {                var context = this, args = arguments;                var later = function() {                    timeout = null;                    if ( !immediate ) func.apply( context, args );                };                var callNow = immediate && !timeout;                clearTimeout( timeout );                timeout = setTimeout( later, wait );                if ( callNow ) func.apply( context, args );            };        }        const debouncedTriggerPostRender = debounce( function() {            triggerPostRender();        }, 200 );        if ( visibilityTestDiv && visibilityTestDiv.offsetParent === null ) {            const observer = new MutationObserver( ( mutations ) => {                mutations.forEach( ( mutation ) => {                    if ( mutation.type === 'attributes' && visibilityTestDiv.offsetParent !== null ) {                        debouncedTriggerPostRender();                        observer.disconnect();                    }                });            });            observer.observe( document.body, {                attributes: true,                childList: false,                subtree: true,                attributeFilter: [ 'style', 'class' ],            });        } else {            triggerPostRender();        }    } );} );\n<\/script> <\/div> <div class=\"col-md-6 col-sm-12 col-12\"> <div class=\"iframe\"><iframe loading=\"lazy\" src=\"https:\/\/www.google.com\/maps\/d\/u\/0\/embed?mid=10qY1fwjXCZ9K_rSiiXzf4t_m7RRknd0&amp;ehbc=2E312F\" width=\"640\" height=\"480\"><\/iframe><\/div> <div class=\"address-box row\"> <div class=\"address-inner-box\"> <figure><img decoding=\"async\" src=\"\/wp-content\/uploads\/2021\/01\/home-icon-6.png\"><\/figure> <div class=\"address-icon\"><\/div> <div class=\"address-content\"> <h3>GENF<\/h3> <p>Route de Peney 133,<br \/> CH-1214 Vernier<\/p> <\/div> <\/div> <div class=\"address-inner-box\"> <figure><img decoding=\"async\" src=\"\/wp-content\/uploads\/2021\/01\/hours-icon.png\"><\/figure> <div class=\"address-icon\"><\/div> <div class=\"address-content\"> <h3>\u00d6FFNUNGSZEITEN:<\/h3> <p>Montag &#8211; Freitag: 8:00 &#8211; 19:00<br \/> Samstag: 08:00 &#8211; 15:00<\/p> <\/div> <\/div> <div class=\"address-inner-box\"> <figure><\/figure> <div class=\"address-icon mt-2\"><\/div> <div class=\"address-content ml-5 mr-1\"> <h3>ZURICH<\/h3> <p>Industriestrasse 109,<br \/> CH-8957 Spreitenbach<\/p> <\/div> <\/div> <div class=\"address-inner-box\"> <figure><img decoding=\"async\" src=\"\/wp-content\/uploads\/2020\/12\/call-icon.png\"><\/figure> <div class=\"address-icon\"><\/div> <div class=\"address-content\"> <h3>TELEFON<\/h3> <p>Genf: +41 22 341 24 28<br \/> Z\u00fcrich: +41 43 819 05 49<\/p> <\/div> <\/div> <\/div> <\/div> <\/div> <\/div> <\/section>","protected":false},"excerpt":{"rendered":"<p>Unternehmen &#8211; Kontaktieren Sie uns Wenn Sie eine schweizer oder ausl\u00e4ndische Firma sind, die unabh\u00e4ngige Berater mit Wohnsitz in der Schweiz einstellen m\u00f6chte, nehmen Sie bitte Kontakt mit uns auf. Wir werden Sie umgehend zur\u00fcckrufen und werden Ihnen eine auf Ihre Bed\u00fcrfnisse zugeschnittene L\u00f6sung anbieten. GENF Route de Peney 133, CH-1214 Vernier \u00d6FFNUNGSZEITEN: Montag &#8211; [&hellip;]<\/p>\n","protected":false},"author":1,"featured_media":0,"parent":0,"menu_order":0,"comment_status":"closed","ping_status":"closed","template":"custom-template.php","meta":{"_coblocks_attr":"","_coblocks_dimensions":"","_coblocks_responsive_height":"","_coblocks_accordion_ie_support":"","footnotes":""},"class_list":["post-748","page","type-page","status-publish","hentry"],"yoast_head":"<!-- This site is optimized with the Yoast SEO plugin v27.2 - https:\/\/yoast.com\/product\/yoast-seo-wordpress\/ -->\n<title>Kontaktieren Sie uns - Thalent.com<\/title>\n<meta name=\"robots\" content=\"index, follow, max-snippet:-1, max-image-preview:large, max-video-preview:-1\" \/>\n<link rel=\"canonical\" href=\"https:\/\/www.thalent.com\/de\/kontaktieren-sie-uns\" \/>\n<meta property=\"og:locale\" content=\"de_DE\" \/>\n<meta property=\"og:type\" content=\"article\" \/>\n<meta property=\"og:title\" content=\"Kontaktieren Sie uns - Thalent.com\" \/>\n<meta property=\"og:description\" content=\"Unternehmen &#8211; Kontaktieren Sie uns Wenn Sie eine schweizer oder ausl\u00e4ndische Firma sind, die unabh\u00e4ngige Berater mit Wohnsitz in der Schweiz einstellen m\u00f6chte, nehmen Sie bitte Kontakt mit uns auf. Wir werden Sie umgehend zur\u00fcckrufen und werden Ihnen eine auf Ihre Bed\u00fcrfnisse zugeschnittene L\u00f6sung anbieten. GENF Route de Peney 133, CH-1214 Vernier \u00d6FFNUNGSZEITEN: Montag &#8211; [&hellip;]\" \/>\n<meta property=\"og:url\" content=\"https:\/\/www.thalent.com\/de\/kontaktieren-sie-uns\" \/>\n<meta property=\"og:site_name\" content=\"Thalent.com\" \/>\n<meta property=\"article:modified_time\" content=\"2024-06-06T12:18:14+00:00\" \/>\n<script type=\"application\/ld+json\" class=\"yoast-schema-graph\">{\"@context\":\"https:\/\/schema.org\",\"@graph\":[{\"@type\":\"WebPage\",\"@id\":\"https:\/\/www.thalent.com\/de\/kontaktieren-sie-uns\",\"url\":\"https:\/\/www.thalent.com\/de\/kontaktieren-sie-uns\",\"name\":\"Kontaktieren Sie uns - Thalent.com\",\"isPartOf\":{\"@id\":\"https:\/\/www.thalent.com\/#website\"},\"datePublished\":\"2021-01-30T08:37:46+00:00\",\"dateModified\":\"2024-06-06T12:18:14+00:00\",\"inLanguage\":\"de\",\"potentialAction\":[{\"@type\":\"ReadAction\",\"target\":[\"https:\/\/www.thalent.com\/de\/kontaktieren-sie-uns\"]}]},{\"@type\":\"WebSite\",\"@id\":\"https:\/\/www.thalent.com\/#website\",\"url\":\"https:\/\/www.thalent.com\/\",\"name\":\"Thalent.com\",\"description\":\"Thalent\",\"potentialAction\":[{\"@type\":\"SearchAction\",\"target\":{\"@type\":\"EntryPoint\",\"urlTemplate\":\"https:\/\/www.thalent.com\/?s={search_term_string}\"},\"query-input\":{\"@type\":\"PropertyValueSpecification\",\"valueRequired\":true,\"valueName\":\"search_term_string\"}}],\"inLanguage\":\"de\"}]}<\/script>\n<!-- \/ Yoast SEO plugin. -->","yoast_head_json":{"title":"Kontaktieren Sie uns - Thalent.com","robots":{"index":"index","follow":"follow","max-snippet":"max-snippet:-1","max-image-preview":"max-image-preview:large","max-video-preview":"max-video-preview:-1"},"canonical":"https:\/\/www.thalent.com\/de\/kontaktieren-sie-uns","og_locale":"de_DE","og_type":"article","og_title":"Kontaktieren Sie uns - Thalent.com","og_description":"Unternehmen &#8211; Kontaktieren Sie uns Wenn Sie eine schweizer oder ausl\u00e4ndische Firma sind, die unabh\u00e4ngige Berater mit Wohnsitz in der Schweiz einstellen m\u00f6chte, nehmen Sie bitte Kontakt mit uns auf. Wir werden Sie umgehend zur\u00fcckrufen und werden Ihnen eine auf Ihre Bed\u00fcrfnisse zugeschnittene L\u00f6sung anbieten. GENF Route de Peney 133, CH-1214 Vernier \u00d6FFNUNGSZEITEN: Montag &#8211; [&hellip;]","og_url":"https:\/\/www.thalent.com\/de\/kontaktieren-sie-uns","og_site_name":"Thalent.com","article_modified_time":"2024-06-06T12:18:14+00:00","schema":{"@context":"https:\/\/schema.org","@graph":[{"@type":"WebPage","@id":"https:\/\/www.thalent.com\/de\/kontaktieren-sie-uns","url":"https:\/\/www.thalent.com\/de\/kontaktieren-sie-uns","name":"Kontaktieren Sie uns - Thalent.com","isPartOf":{"@id":"https:\/\/www.thalent.com\/#website"},"datePublished":"2021-01-30T08:37:46+00:00","dateModified":"2024-06-06T12:18:14+00:00","inLanguage":"de","potentialAction":[{"@type":"ReadAction","target":["https:\/\/www.thalent.com\/de\/kontaktieren-sie-uns"]}]},{"@type":"WebSite","@id":"https:\/\/www.thalent.com\/#website","url":"https:\/\/www.thalent.com\/","name":"Thalent.com","description":"Thalent","potentialAction":[{"@type":"SearchAction","target":{"@type":"EntryPoint","urlTemplate":"https:\/\/www.thalent.com\/?s={search_term_string}"},"query-input":{"@type":"PropertyValueSpecification","valueRequired":true,"valueName":"search_term_string"}}],"inLanguage":"de"}]}},"_links":{"self":[{"href":"https:\/\/www.thalent.com\/de\/wp-json\/wp\/v2\/pages\/748","targetHints":{"allow":["GET"]}}],"collection":[{"href":"https:\/\/www.thalent.com\/de\/wp-json\/wp\/v2\/pages"}],"about":[{"href":"https:\/\/www.thalent.com\/de\/wp-json\/wp\/v2\/types\/page"}],"author":[{"embeddable":true,"href":"https:\/\/www.thalent.com\/de\/wp-json\/wp\/v2\/users\/1"}],"replies":[{"embeddable":true,"href":"https:\/\/www.thalent.com\/de\/wp-json\/wp\/v2\/comments?post=748"}],"version-history":[{"count":0,"href":"https:\/\/www.thalent.com\/de\/wp-json\/wp\/v2\/pages\/748\/revisions"}],"wp:attachment":[{"href":"https:\/\/www.thalent.com\/de\/wp-json\/wp\/v2\/media?parent=748"}],"curies":[{"name":"wp","href":"https:\/\/api.w.org\/{rel}","templated":true}]}}