{"id":744,"date":"2020-12-21T05:27:00","date_gmt":"2020-12-21T04:27:00","guid":{"rendered":"http:\/\/new.thalent.com\/?page_id=744"},"modified":"2021-03-31T10:03:51","modified_gmt":"2021-03-31T09:03:51","slug":"ueber-uns","status":"publish","type":"page","link":"https:\/\/www.thalent.com\/de\/ueber-uns","title":{"rendered":"\u00dcber unsere Payroll-Firma"},"content":{"rendered":"<section class=\"sec-padding\"> <div class=\"container\"> <h2 class=\"georgia-font mb-5\">\u00dcber uns<\/h2> <div class=\"row\"> <div class=\"col-lg-8 col-md-7 col-sm-12 col-12\"> <img decoding=\"async\" class=\"img-responsive mb-5\" src=\"\/wp-content\/uploads\/2020\/12\/about-us.png\"><\/p> <p class=\"mb-5\"> Thalent AG wurde 2001 von drei Elektroingenieuren gegr\u00fcndet, darunter Pierre Str\u00fcbin welcher der jetzige Vorsitzender des Verwaltungsrats ist. Damals hatte Pierre Str\u00fcbin Kollegen, die nach einer Umstrukturierung ihres Unternehmens entlassen worden waren. Seine Kollegen wurden jedoch von ihren ehemaligen Kunden die ihnen weiterhin Auftr\u00e4ge gaben sehr gesch\u00e4tzt.<br \/> So entstand die Idee, ein Unternehmen f\u00fcr den Dienst dieser Kunden zu gr\u00fcnden.<\/p> <p>Heute bietet Thalent AG seine Dienstleistungen den folgenden Strukturen an:<\/p> <ul class=\"inner-list mb-5\"> <li>&#8211; Multinationale-Unternehmen und KMU<\/li> <li>&#8211; Bundes-, Kantons- und Gemeindeverwaltungen<\/li> <li>&#8211; Staatliche und nichtstaatliche Organisationen<\/li> <li>&#8211; Staatliche und nichtstaatliche Organisationen<\/li> <\/ul> <p class=\"mb-5\">Wir betreiben unsere Gesch\u00e4fte in der Schweiz und im Ausland (L\u00e4nder der Europ\u00e4ischen Union, Grossbritannien, USA und Kanada).<\/p> <p class=\"mb-5\">Im Gegensatz zu vielen Treuh\u00e4ndern haben wir eine AVG Lizenz der Schweizer Beh\u00f6rden, um als Unternehmen welches Berater oder Consultant beherbergt t\u00e4tig zu sein.<\/p> <h3 class=\"mb-5 georgia-font\">Unser Team<\/h3> <p class=\"mb-5\">  <\/div> <div class=\"col-lg-4 col-md-5 col-sm-12 col-12\"> <div class=\"join-right\">  <img decoding=\"async\" class=\"img-responsive mb-5\" src=\"\/wp-content\/uploads\/2020\/12\/peter-van.png\">  <ul class=\"join-right-list mb-5\">  <h4 class=\"mb-3\">Arbeiten Sie mit uns in 3 einfachen Schritten<\/h4>   \t<li>Melden Sie sich f\u00fcr eine Kostenlose und unverbindliche Beratung an<\/li>   \t<li>Treten Sie kostenlos bei und profitieren Sie von allen unseren Vorteilen<\/li>   \t<li>Beginnen Sie Ihre Freelance T\u00e4tigkeit<\/li>  <\/ul>  <a class=\"custom-btn mb-5 col-12\" href=\"\/appointment\">JETZT ANMELDEN<\/a>  <h6 class=\"mb-4\"><b>  Um eine Lohn-Simulation zu erhalten, f\u00fcllen Sie bitte das untenstehende Formular aus<\/b><\/h6>  <script>\nvar gform;gform||(document.addEventListener(\"gform_main_scripts_loaded\",function(){gform.scriptsLoaded=!0}),document.addEventListener(\"gform\/theme\/scripts_loaded\",function(){gform.themeScriptsLoaded=!0}),window.addEventListener(\"DOMContentLoaded\",function(){gform.domLoaded=!0}),gform={domLoaded:!1,scriptsLoaded:!1,themeScriptsLoaded:!1,isFormEditor:()=>\"function\"==typeof InitializeEditor,callIfLoaded:function(o){return!(!gform.domLoaded||!gform.scriptsLoaded||!gform.themeScriptsLoaded&&!gform.isFormEditor()||(gform.isFormEditor()&&console.warn(\"The use of gform.initializeOnLoaded() is deprecated in the form editor context and will be removed in Gravity Forms 3.1.\"),o(),0))},initializeOnLoaded:function(o){gform.callIfLoaded(o)||(document.addEventListener(\"gform_main_scripts_loaded\",()=>{gform.scriptsLoaded=!0,gform.callIfLoaded(o)}),document.addEventListener(\"gform\/theme\/scripts_loaded\",()=>{gform.themeScriptsLoaded=!0,gform.callIfLoaded(o)}),window.addEventListener(\"DOMContentLoaded\",()=>{gform.domLoaded=!0,gform.callIfLoaded(o)}))},hooks:{action:{},filter:{}},addAction:function(o,r,e,t){gform.addHook(\"action\",o,r,e,t)},addFilter:function(o,r,e,t){gform.addHook(\"filter\",o,r,e,t)},doAction:function(o){gform.doHook(\"action\",o,arguments)},applyFilters:function(o){return gform.doHook(\"filter\",o,arguments)},removeAction:function(o,r){gform.removeHook(\"action\",o,r)},removeFilter:function(o,r,e){gform.removeHook(\"filter\",o,r,e)},addHook:function(o,r,e,t,n){null==gform.hooks[o][r]&&(gform.hooks[o][r]=[]);var d=gform.hooks[o][r];null==n&&(n=r+\"_\"+d.length),gform.hooks[o][r].push({tag:n,callable:e,priority:t=null==t?10:t})},doHook:function(r,o,e){var t;if(e=Array.prototype.slice.call(e,1),null!=gform.hooks[r][o]&&((o=gform.hooks[r][o]).sort(function(o,r){return o.priority-r.priority}),o.forEach(function(o){\"function\"!=typeof(t=o.callable)&&(t=window[t]),\"action\"==r?t.apply(null,e):e[0]=t.apply(null,e)})),\"filter\"==r)return e[0]},removeHook:function(o,r,t,n){var e;null!=gform.hooks[o][r]&&(e=(e=gform.hooks[o][r]).filter(function(o,r,e){return!!(null!=n&&n!=o.tag||null!=t&&t!=o.priority)}),gform.hooks[o][r]=e)}});\n<\/script>                  <div class='gf_browser_gecko gform_wrapper gravity-theme gform-theme--no-framework' data-form-theme='gravity-theme' data-form-index='0' id='gform_wrapper_1' >                         <div class='gform_heading'>                             <p class='gform_description'><\/p> \t\t\t\t\t\t\t<p class='gform_required_legend'>\u201e<span class=\"gfield_required gfield_required_asterisk\">*<\/span>\u201c zeigt erforderliche Felder an<\/p>                         <\/div><form method='post' enctype='multipart\/form-data'  id='gform_1'  action='\/de\/wp-json\/wp\/v2\/pages\/744' data-formid='1' novalidate>                         <div class='gform-body gform_body'><div id='gform_fields_1' class='gform_fields top_label form_sublabel_below description_below validation_below'><div id=\"field_1_1\" class=\"gfield gfield--type-number gfield--input-type-number gfield_contains_required field_sublabel_below gfield--no-description field_description_below field_validation_below gfield_visibility_visible\"  ><label class='gfield_label gform-field-label' for='input_1_1'>Monatlicher Betrag welcher dem Kunden verrechnet wird:<span class=\"gfield_required\"><span class=\"gfield_required gfield_required_asterisk\">*<\/span><\/span><\/label><div class='ginput_container ginput_container_number'><input name='input_1' id='input_1_1' type='number' step='any'   value='' class='large'     aria-required=\"true\" aria-invalid=\"false\"  \/><\/div><\/div><div id=\"field_1_3\" class=\"gfield gfield--type-number gfield--input-type-number gfield_contains_required field_sublabel_below gfield--no-description field_description_below field_validation_below gfield_visibility_visible\"  ><label class='gfield_label gform-field-label' for='input_1_3'>Monatliche berufliche Spesen:<span class=\"gfield_required\"><span class=\"gfield_required gfield_required_asterisk\">*<\/span><\/span><\/label><div class='ginput_container ginput_container_number'><input name='input_3' id='input_1_3' type='number' step='any'   value='' class='large'     aria-required=\"true\" aria-invalid=\"false\"  \/><\/div><\/div><fieldset id=\"field_1_4\" class=\"gfield gfield--type-radio gfield--type-choice gfield--input-type-radio gfield_contains_required field_sublabel_below gfield--no-description field_description_below field_validation_below gfield_visibility_visible\"  ><legend class='gfield_label gform-field-label' >Mann oder eine Frau:<span class=\"gfield_required\"><span class=\"gfield_required gfield_required_asterisk\">*<\/span><\/span><\/legend><div class='ginput_container ginput_container_radio'><div class='gfield_radio' id='input_1_4'> \t\t\t<div class='gchoice gchoice_1_4_0'> \t\t\t\t\t<input class='gfield-choice-input' name='input_4' type='radio' value='Mann'  id='choice_1_4_0' onchange='gformToggleRadioOther( this )'    \/> \t\t\t\t\t<label for='choice_1_4_0' id='label_1_4_0' class='gform-field-label gform-field-label--type-inline'>Mann<\/label> \t\t\t<\/div> \t\t\t<div class='gchoice gchoice_1_4_1'> \t\t\t\t\t<input class='gfield-choice-input' name='input_4' type='radio' value='Frau'  id='choice_1_4_1' onchange='gformToggleRadioOther( this )'    \/> \t\t\t\t\t<label for='choice_1_4_1' id='label_1_4_1' class='gform-field-label gform-field-label--type-inline'>Frau<\/label> \t\t\t<\/div><\/div><\/div><\/fieldset><div id=\"field_1_5\" class=\"gfield gfield--type-date gfield--input-type-date gfield--input-type-datepicker gfield--datepicker-no-icon gfield--width-full gfield_contains_required field_sublabel_below gfield--no-description field_description_below field_validation_below gfield_visibility_visible\"  ><label class='gfield_label gform-field-label' for='input_1_5'>Geburtsdatum:<span class=\"gfield_required\"><span class=\"gfield_required gfield_required_asterisk\">*<\/span><\/span><\/label><div class='ginput_container ginput_container_date'>                             <input name='input_5' id='input_1_5' type='text' value='' class='datepicker gform-datepicker dmy datepicker_no_icon gdatepicker-no-icon'   placeholder='dd\/mm\/yyyy' aria-describedby=\"input_1_5_date_format\" aria-invalid=\"false\" aria-required=\"true\"\/>                             <span id='input_1_5_date_format' class='screen-reader-text'>TT Schr\u00e4gstrich MM Schr\u00e4gstrich JJJJ<\/span>                         <\/div>                         <input type='hidden' id='gforms_calendar_icon_input_1_5' class='gform_hidden' value='https:\/\/www.thalent.com\/wp-content\/plugins\/gravityforms\/images\/datepicker\/datepicker.svg'\/><\/div><div id=\"field_1_6\" class=\"gfield gfield--type-email gfield--input-type-email gfield--width-full gfield_contains_required field_sublabel_below gfield--no-description field_description_below field_validation_below gfield_visibility_visible\"  ><label class='gfield_label gform-field-label' for='input_1_6'>E-Mail-Adresse:<span class=\"gfield_required\"><span class=\"gfield_required gfield_required_asterisk\">*<\/span><\/span><\/label><div class='ginput_container ginput_container_email'>                             <input name='input_6' id='input_1_6' type='email' value='' class='large'   placeholder='beispiel@email.com' aria-required=\"true\" aria-invalid=\"false\"  \/>                         <\/div><\/div><div id=\"field_1_13\" class=\"gfield gfield--type-phone gfield--input-type-phone gfield--width-full gfield_contains_required field_sublabel_below gfield--no-description field_description_below field_validation_below gfield_visibility_visible\"  ><label class='gfield_label gform-field-label' for='input_1_13'>Telefonnummer<span class=\"gfield_required\"><span class=\"gfield_required gfield_required_asterisk\">*<\/span><\/span><\/label><div class='ginput_container ginput_container_phone'><input name='input_13' id='input_1_13' type='tel' value='' class='large'   aria-required=\"true\" aria-invalid=\"false\"   \/><\/div><\/div><div id=\"field_1_7\" class=\"gfield gfield--type-handlfree_utm_source gfield--input-type-handlfree_utm_source gfield--width-full field_sublabel_below gfield--no-description field_description_below field_validation_below gfield_visibility_visible\"  ><div class='ginput_container ginput_container_text'><input name='input_7' id='input_1_7' type='hidden' class='gform_hidden'  aria-invalid=\"false\" value='' \/><\/div><\/div><div id=\"field_1_8\" class=\"gfield gfield--type-handlfree_utm_medium gfield--input-type-handlfree_utm_medium gfield--width-full field_sublabel_below gfield--no-description field_description_below field_validation_below gfield_visibility_visible\"  ><div class='ginput_container ginput_container_text'><input name='input_8' id='input_1_8' type='hidden' class='gform_hidden'  aria-invalid=\"false\" value='' \/><\/div><\/div><div id=\"field_1_9\" class=\"gfield gfield--type-handlfree_utm_campaign gfield--input-type-handlfree_utm_campaign gfield--width-full field_sublabel_below gfield--no-description field_description_below field_validation_below gfield_visibility_visible\"  ><div class='ginput_container ginput_container_text'><input name='input_9' id='input_1_9' type='hidden' class='gform_hidden'  aria-invalid=\"false\" value='' \/><\/div><\/div><div id=\"field_1_10\" class=\"gfield gfield--type-hidden gfield--input-type-hidden gfield--width-full gform_hidden field_sublabel_below gfield--no-description field_description_below field_validation_below gfield_visibility_visible\"  ><div class='ginput_container ginput_container_text'><input name='input_10' id='input_1_10' type='hidden' class='gform_hidden'  aria-invalid=\"false\" value='de' \/><\/div><\/div><div id=\"field_1_11\" class=\"gfield gfield--type-hidden gfield--input-type-hidden gfield--width-full gform_hidden field_sublabel_below gfield--no-description field_description_below field_validation_below gfield_visibility_visible\"  ><div class='ginput_container ginput_container_text'><input name='input_11' id='input_1_11' type='hidden' class='gform_hidden'  aria-invalid=\"false\" value='' \/><\/div><\/div><div id=\"field_1_12\" class=\"gfield gfield--type-hidden gfield--input-type-hidden gfield--width-full gform_hidden field_sublabel_below gfield--no-description field_description_below field_validation_below gfield_visibility_visible\"  ><div class='ginput_container ginput_container_text'><input name='input_12' id='input_1_12' type='hidden' class='gform_hidden'  aria-invalid=\"false\" value='' \/><\/div><\/div><div id=\"field_1_15\" class=\"gfield gfield--type-captcha gfield--input-type-captcha gfield--width-full field_sublabel_below gfield--no-description field_description_below field_validation_below gfield_visibility_visible\"  ><label class='gfield_label gform-field-label' for='input_1_15'>CAPTCHA<\/label><div id='input_1_15' class='ginput_container ginput_recaptcha' data-sitekey='6LfMWNgsAAAAAMjMAHjp6lRNG_iL_Kroj_l17PvJ'  data-theme='light' data-tabindex='-1' data-size='invisible' data-badge='bottomright'><\/div><\/div><\/div><\/div>         <div class='gform-footer gform_footer top_label'> <input type='submit' id='gform_submit_button_1' class='gform_button button' onclick='gform.submission.handleButtonClick(this);' data-submission-type='submit' value='Anfrage senden'  \/>              <input type='hidden' class='gform_hidden' name='gform_submission_method' data-js='gform_submission_method_1' value='postback' \/>             <input type='hidden' class='gform_hidden' name='gform_theme' data-js='gform_theme_1' id='gform_theme_1' value='gravity-theme' \/>             <input type='hidden' class='gform_hidden' name='gform_style_settings' data-js='gform_style_settings_1' id='gform_style_settings_1' value='[]' \/>             <input type='hidden' class='gform_hidden' name='is_submit_1' value='1' \/>             <input type='hidden' class='gform_hidden' name='gform_submit' value='1' \/>                          <input type='hidden' class='gform_hidden' name='gform_currency' data-currency='CHF' value='W3eAEUt2zUa4oxa9fFZBLPTW6orH7dy\/KHg94SCxNY1IQMT4BRcCPhEMg6LP\/deNN+vITyNZYIQmwfhXtncY2yRxns8GJyZT1wGxoxHBArZOWi8=' \/>             <input type='hidden' class='gform_hidden' name='gform_unique_id' value='' \/>             <input type='hidden' class='gform_hidden' name='state_1' value='WyJ7XCI0XCI6W1wiOTQ5YjI0YWQxNjcxOGQ1NTY3ZWJjNTAwZTRjOTExMGNcIixcIjc1ZjllYTMxMmUxMGM2YWJmOGVmNDYzZTNmMDJkZGYzXCJdfSIsIjY2NDBjNDdlOGM0NDI3MGJkZmEwMGZmMDU4OWYzZDQ4Il0=' \/>             <input type='hidden' autocomplete='off' class='gform_hidden' name='gform_target_page_number_1' id='gform_target_page_number_1' value='0' \/>             <input type='hidden' autocomplete='off' class='gform_hidden' name='gform_source_page_number_1' id='gform_source_page_number_1' value='1' \/>             <input type='hidden' name='gform_field_values' value='' \/>                      <\/div>                         <p style=\"display: none !important;\" class=\"akismet-fields-container\" data-prefix=\"ak_\"><label>&#916;<textarea name=\"ak_hp_textarea\" cols=\"45\" rows=\"8\" maxlength=\"100\"><\/textarea><\/label><input type=\"hidden\" id=\"ak_js_1\" name=\"ak_js\" value=\"19\"\/><script>document.getElementById( \"ak_js_1\" ).setAttribute( \"value\", ( new Date() ).getTime() );<\/script><\/p><\/form>                         <\/div><script>\ngform.initializeOnLoaded( function() {gformInitSpinner( 1, 'https:\/\/www.thalent.com\/wp-content\/plugins\/gravityforms\/images\/spinner.svg', true );jQuery('#gform_ajax_frame_1').on('load',function(){var contents = jQuery(this).contents().find('*').html();var is_postback = contents.indexOf('GF_AJAX_POSTBACK') >= 0;if(!is_postback){return;}var form_content = jQuery(this).contents().find('#gform_wrapper_1');var is_confirmation = jQuery(this).contents().find('#gform_confirmation_wrapper_1').length > 0;var is_redirect = contents.indexOf('gformRedirect(){') >= 0;var is_form = form_content.length > 0 && ! is_redirect && ! is_confirmation;var mt = parseInt(jQuery('html').css('margin-top'), 10) + parseInt(jQuery('body').css('margin-top'), 10) + 100;if(is_form){jQuery('#gform_wrapper_1').html(form_content.html());if(form_content.hasClass('gform_validation_error')){jQuery('#gform_wrapper_1').addClass('gform_validation_error');} else {jQuery('#gform_wrapper_1').removeClass('gform_validation_error');}setTimeout( function() { \/* delay the scroll by 50 milliseconds to fix a bug in chrome *\/  }, 50 );if(window['gformInitDatepicker']) {gformInitDatepicker();}if(window['gformInitPriceFields']) {gformInitPriceFields();}var current_page = jQuery('#gform_source_page_number_1').val();gformInitSpinner( 1, 'https:\/\/www.thalent.com\/wp-content\/plugins\/gravityforms\/images\/spinner.svg', true );jQuery(document).trigger('gform_page_loaded', [1, current_page]);window['gf_submitting_1'] = false;}else if(!is_redirect){var confirmation_content = jQuery(this).contents().find('.GF_AJAX_POSTBACK').html();if(!confirmation_content){confirmation_content = contents;}jQuery('#gform_wrapper_1').replaceWith(confirmation_content);jQuery(document).trigger('gform_confirmation_loaded', [1]);window['gf_submitting_1'] = false;wp.a11y.speak(jQuery('#gform_confirmation_message_1').text());}else{jQuery('#gform_1').append(contents);if(window['gformRedirect']) {gformRedirect();}}jQuery(document).trigger(\"gform_pre_post_render\", [{ formId: \"1\", currentPage: \"current_page\", abort: function() { this.preventDefault(); } }]);        if (event && event.defaultPrevented) {                return;        }        const gformWrapperDiv = document.getElementById( \"gform_wrapper_1\" );        if ( gformWrapperDiv ) {            const visibilitySpan = document.createElement( \"span\" );            visibilitySpan.id = \"gform_visibility_test_1\";            gformWrapperDiv.insertAdjacentElement( \"afterend\", visibilitySpan );        }        const visibilityTestDiv = document.getElementById( \"gform_visibility_test_1\" );        let postRenderFired = false;        function triggerPostRender() {            if ( postRenderFired ) {                return;            }            postRenderFired = true;            gform.core.triggerPostRenderEvents( 1, current_page );            if ( visibilityTestDiv ) {                visibilityTestDiv.parentNode.removeChild( visibilityTestDiv );            }        }        function debounce( func, wait, immediate ) {            var timeout;            return function() {                var context = this, args = arguments;                var later = function() {                    timeout = null;                    if ( !immediate ) func.apply( context, args );                };                var callNow = immediate && !timeout;                clearTimeout( timeout );                timeout = setTimeout( later, wait );                if ( callNow ) func.apply( context, args );            };        }        const debouncedTriggerPostRender = debounce( function() {            triggerPostRender();        }, 200 );        if ( visibilityTestDiv && visibilityTestDiv.offsetParent === null ) {            const observer = new MutationObserver( ( mutations ) => {                mutations.forEach( ( mutation ) => {                    if ( mutation.type === 'attributes' && visibilityTestDiv.offsetParent !== null ) {                        debouncedTriggerPostRender();                        observer.disconnect();                    }                });            });            observer.observe( document.body, {                attributes: true,                childList: false,                subtree: true,                attributeFilter: [ 'style', 'class' ],            });        } else {            triggerPostRender();        }    } );} );\n<\/script>   <!-- <h4>Wir rufen Sie zur\u00fcck<\/h4>  <div class=\"call-back-blog\">  \t\t\t\t\t\t<img decoding=\"async\" class=\"\" src=\"\/wp-content\/uploads\/2020\/12\/cal4.png\">  <h6>Erhalten Sie eine kostenlose und unverbindliche telefonische Beratung mit einem unserer erfahrenen Manager  Hinterlassen Sie Ihre Telefonnummer und wir rufen Sie zur\u00fcck.<\/h6> -->  <\/div>  <!--  <a class=\"custom-btn col-12\" href=\"#cp-widget\"><img class=\"lazy loaded\" decoding=\"async\" src=\"\/wp-content\/uploads\/2021\/01\/phone-white-icon.png\" data-src=\"\/wp-content\/uploads\/2021\/01\/phone-white-icon.png\" data-was-processed=\"true\">WIR RUFEN SIE ZUR\u00dcCK<\/a>  -->  <\/div><\/div> <\/div> <\/div> <\/section>","protected":false},"excerpt":{"rendered":"<p>\u00dcber uns Thalent AG wurde 2001 von drei Elektroingenieuren gegr\u00fcndet, darunter Pierre Str\u00fcbin welcher der jetzige Vorsitzender des Verwaltungsrats ist. Damals hatte Pierre Str\u00fcbin Kollegen, die nach einer Umstrukturierung ihres Unternehmens entlassen worden waren. Seine Kollegen wurden jedoch von ihren ehemaligen Kunden die ihnen weiterhin Auftr\u00e4ge gaben sehr gesch\u00e4tzt. So entstand die Idee, ein Unternehmen [&hellip;]<\/p>\n","protected":false},"author":1,"featured_media":0,"parent":0,"menu_order":0,"comment_status":"closed","ping_status":"closed","template":"custom-template.php","meta":{"_coblocks_attr":"","_coblocks_dimensions":"","_coblocks_responsive_height":"","_coblocks_accordion_ie_support":"","footnotes":""},"class_list":["post-744","page","type-page","status-publish","hentry"],"yoast_head":"<!-- This site is optimized with the Yoast SEO plugin v27.2 - https:\/\/yoast.com\/product\/yoast-seo-wordpress\/ -->\n<title>\u00dcber unsere Payroll-Firma - Thalent.com<\/title>\n<meta name=\"robots\" content=\"index, follow, max-snippet:-1, max-image-preview:large, max-video-preview:-1\" \/>\n<link rel=\"canonical\" href=\"https:\/\/www.thalent.com\/de\/ueber-uns\" \/>\n<meta property=\"og:locale\" content=\"de_DE\" \/>\n<meta property=\"og:type\" content=\"article\" \/>\n<meta property=\"og:title\" content=\"\u00dcber unsere Payroll-Firma - Thalent.com\" \/>\n<meta property=\"og:description\" content=\"\u00dcber uns Thalent AG wurde 2001 von drei Elektroingenieuren gegr\u00fcndet, darunter Pierre Str\u00fcbin welcher der jetzige Vorsitzender des Verwaltungsrats ist. Damals hatte Pierre Str\u00fcbin Kollegen, die nach einer Umstrukturierung ihres Unternehmens entlassen worden waren. Seine Kollegen wurden jedoch von ihren ehemaligen Kunden die ihnen weiterhin Auftr\u00e4ge gaben sehr gesch\u00e4tzt. So entstand die Idee, ein Unternehmen [&hellip;]\" \/>\n<meta property=\"og:url\" content=\"https:\/\/www.thalent.com\/de\/ueber-uns\" \/>\n<meta property=\"og:site_name\" content=\"Thalent.com\" \/>\n<meta property=\"article:modified_time\" content=\"2021-03-31T09:03:51+00:00\" \/>\n<script type=\"application\/ld+json\" class=\"yoast-schema-graph\">{\"@context\":\"https:\/\/schema.org\",\"@graph\":[{\"@type\":\"WebPage\",\"@id\":\"https:\/\/www.thalent.com\/de\/ueber-uns\",\"url\":\"https:\/\/www.thalent.com\/de\/ueber-uns\",\"name\":\"\u00dcber unsere Payroll-Firma - Thalent.com\",\"isPartOf\":{\"@id\":\"https:\/\/www.thalent.com\/#website\"},\"datePublished\":\"2020-12-21T04:27:00+00:00\",\"dateModified\":\"2021-03-31T09:03:51+00:00\",\"inLanguage\":\"de\",\"potentialAction\":[{\"@type\":\"ReadAction\",\"target\":[\"https:\/\/www.thalent.com\/de\/ueber-uns\"]}]},{\"@type\":\"WebSite\",\"@id\":\"https:\/\/www.thalent.com\/#website\",\"url\":\"https:\/\/www.thalent.com\/\",\"name\":\"Thalent.com\",\"description\":\"Thalent\",\"potentialAction\":[{\"@type\":\"SearchAction\",\"target\":{\"@type\":\"EntryPoint\",\"urlTemplate\":\"https:\/\/www.thalent.com\/?s={search_term_string}\"},\"query-input\":{\"@type\":\"PropertyValueSpecification\",\"valueRequired\":true,\"valueName\":\"search_term_string\"}}],\"inLanguage\":\"de\"}]}<\/script>\n<!-- \/ Yoast SEO plugin. -->","yoast_head_json":{"title":"\u00dcber unsere Payroll-Firma - Thalent.com","robots":{"index":"index","follow":"follow","max-snippet":"max-snippet:-1","max-image-preview":"max-image-preview:large","max-video-preview":"max-video-preview:-1"},"canonical":"https:\/\/www.thalent.com\/de\/ueber-uns","og_locale":"de_DE","og_type":"article","og_title":"\u00dcber unsere Payroll-Firma - Thalent.com","og_description":"\u00dcber uns Thalent AG wurde 2001 von drei Elektroingenieuren gegr\u00fcndet, darunter Pierre Str\u00fcbin welcher der jetzige Vorsitzender des Verwaltungsrats ist. Damals hatte Pierre Str\u00fcbin Kollegen, die nach einer Umstrukturierung ihres Unternehmens entlassen worden waren. Seine Kollegen wurden jedoch von ihren ehemaligen Kunden die ihnen weiterhin Auftr\u00e4ge gaben sehr gesch\u00e4tzt. So entstand die Idee, ein Unternehmen [&hellip;]","og_url":"https:\/\/www.thalent.com\/de\/ueber-uns","og_site_name":"Thalent.com","article_modified_time":"2021-03-31T09:03:51+00:00","schema":{"@context":"https:\/\/schema.org","@graph":[{"@type":"WebPage","@id":"https:\/\/www.thalent.com\/de\/ueber-uns","url":"https:\/\/www.thalent.com\/de\/ueber-uns","name":"\u00dcber unsere Payroll-Firma - Thalent.com","isPartOf":{"@id":"https:\/\/www.thalent.com\/#website"},"datePublished":"2020-12-21T04:27:00+00:00","dateModified":"2021-03-31T09:03:51+00:00","inLanguage":"de","potentialAction":[{"@type":"ReadAction","target":["https:\/\/www.thalent.com\/de\/ueber-uns"]}]},{"@type":"WebSite","@id":"https:\/\/www.thalent.com\/#website","url":"https:\/\/www.thalent.com\/","name":"Thalent.com","description":"Thalent","potentialAction":[{"@type":"SearchAction","target":{"@type":"EntryPoint","urlTemplate":"https:\/\/www.thalent.com\/?s={search_term_string}"},"query-input":{"@type":"PropertyValueSpecification","valueRequired":true,"valueName":"search_term_string"}}],"inLanguage":"de"}]}},"_links":{"self":[{"href":"https:\/\/www.thalent.com\/de\/wp-json\/wp\/v2\/pages\/744","targetHints":{"allow":["GET"]}}],"collection":[{"href":"https:\/\/www.thalent.com\/de\/wp-json\/wp\/v2\/pages"}],"about":[{"href":"https:\/\/www.thalent.com\/de\/wp-json\/wp\/v2\/types\/page"}],"author":[{"embeddable":true,"href":"https:\/\/www.thalent.com\/de\/wp-json\/wp\/v2\/users\/1"}],"replies":[{"embeddable":true,"href":"https:\/\/www.thalent.com\/de\/wp-json\/wp\/v2\/comments?post=744"}],"version-history":[{"count":0,"href":"https:\/\/www.thalent.com\/de\/wp-json\/wp\/v2\/pages\/744\/revisions"}],"wp:attachment":[{"href":"https:\/\/www.thalent.com\/de\/wp-json\/wp\/v2\/media?parent=744"}],"curies":[{"name":"wp","href":"https:\/\/api.w.org\/{rel}","templated":true}]}}