{"id":728,"date":"2021-01-30T09:25:00","date_gmt":"2021-01-30T08:25:00","guid":{"rendered":"http:\/\/new.thalent.com\/?page_id=728"},"modified":"2023-04-11T14:39:24","modified_gmt":"2023-04-11T13:39:24","slug":"ihr-profil","status":"publish","type":"page","link":"https:\/\/www.thalent.com\/de\/ihr-profil","title":{"rendered":"Ihr Profil"},"content":{"rendered":"<section class=\"sec-padding\"> <div class=\"container\"> <h2 class=\"georgia-font mb-5\">Ihr Profil<\/h2> <div class=\"row\"> <div class=\"col-lg-8 col-md-7 col-sm-12 col-12\"> <h3 class=\"georgia-font mb-5\">F\u00fcr wen und was ist Payrolling, Lohntr\u00e4gerschaft?<\/h3> <p class=\"mb-3\">Payrolling, oder Lohntr\u00e4gerschaft erm\u00f6glicht es Ihnen als Berater oder Unternehmer, Ihre Projekte und Kunden v\u00f6llig unabh\u00e4ngig zu verwalten und gleichzeitig von einem Angestelltenstatus zu profitieren.<\/p> <p class=\"mb-5\">Diese Art und Weise \u00fcber unsere Payroll-Firma zu arbeiten ist f\u00fcr eine breite Palette von Profilen zug\u00e4nglich. Die hier unten aufgelisteten sind sehr verbreitet:<\/p> <ul class=\"profile-list\"> <li><img decoding=\"async\" class=\"img-res\" src=\"\/wp-content\/uploads\/2021\/03\/ra.png\"><br \/> <h4>Senior-Berater<\/h4> <p><a class=\"custom-btn2\" href=\"https:\/\/thalent.com\/de\/profil-senior-berater\">WEITERLESEN<\/a><\/li> <li><img decoding=\"async\" class=\"img-res\" src=\"\/wp-content\/uploads\/2021\/03\/rdr.png\"><br \/> <h4>Freiberufler, der seinen Status \u00e4ndern m\u00f6chten<\/h4> <p><a class=\"custom-btn2\" href=\"profil-selbstaendiger-freiberufler\">WEITERLESEN<\/a><\/li> <li><img decoding=\"async\" class=\"img-res\" src=\"\/wp-content\/uploads\/2021\/03\/lsn.png\"><br \/> <h4>Kader auf der Suche nach Aktivit\u00e4t<\/h4> <p><a class=\"custom-btn2\" href=\"https:\/\/thalent.com\/de\/profil-kader-beschaeftigung-arbeit-suche\">WEITERLESEN<\/a><\/li> <li><img decoding=\"async\" class=\"img-res\" src=\"\/wp-content\/uploads\/2021\/03\/jr-2.png\"><br \/> <h4>Kader im Berufswechsel<\/h4> <p><a class=\"custom-btn2\" href=\"https:\/\/thalent.com\/de\/profil-kader-manager-berufswechsel\">WEITERLESEN<\/a><\/li> <li><img decoding=\"async\" class=\"img-res\" src=\"\/wp-content\/uploads\/2021\/03\/ml.png\"><br \/> <h4>Heimarbeiter, Telearbeiter<\/h4> <p><a class=\"custom-btn2\" href=\"https:\/\/thalent.com\/de\/profil-heimarbeiter-telearbeiter\">WEITERLESEN<\/a><\/li> <li><img decoding=\"async\" class=\"img-res\" src=\"\/wp-content\/uploads\/2021\/03\/sl.png\"><br \/> <h4>Freelancer<\/h4> <p><a class=\"custom-btn2\" href=\"https:\/\/thalent.com\/de\/profil-freelancer-selbstaendiger-berater\">WEITERLESEN<\/a><\/li> <\/ul> <\/div> <div class=\"col-lg-4 col-md-5 col-sm-12 col-12\"><div class=\"join-right\">  <img decoding=\"async\" class=\"img-responsive mb-5\" src=\"\/wp-content\/uploads\/2020\/12\/peter-van.png\">  <ul class=\"join-right-list mb-5\">  <h4 class=\"mb-3\">Arbeiten Sie mit uns in 3 einfachen Schritten<\/h4>   \t<li>Melden Sie sich f\u00fcr eine Kostenlose und unverbindliche Beratung an<\/li>   \t<li>Treten Sie kostenlos bei und profitieren Sie von allen unseren Vorteilen<\/li>   \t<li>Beginnen Sie Ihre Freelance T\u00e4tigkeit<\/li>  <\/ul>  <a class=\"custom-btn mb-5 col-12\" href=\"\/appointment\">JETZT ANMELDEN<\/a>  <h6 class=\"mb-4\"><b>Um eine Lohn-Simulation zu erhalten, f\u00fcllen Sie bitte das untenstehende Formular aus<\/b><\/h6>  <!-- <h4>Wir rufen Sie zur\u00fcck<\/h4>  <div class=\"call-back-blog\">  \t\t\t\t\t\t<img decoding=\"async\" class=\"\" src=\"\/wp-content\/uploads\/2020\/12\/cal4.png\">  <h6>Erhalten Sie eine kostenlose und unverbindliche telefonische Beratung mit einem unserer erfahrenen Manager.  Hinterlassen Sie Ihre Telefonnummer und wir rufen Sie zur\u00fcck.  <\/h6> -->  <\/div>  <!--  <a class=\"custom-btn col-12\" href=\"#cp-widget\"><img class=\"lazy loaded\" decoding=\"async\" src=\"\/wp-content\/uploads\/2021\/01\/phone-white-icon.png\" data-src=\"\/wp-content\/uploads\/2021\/01\/phone-white-icon.png\" data-was-processed=\"true\">WIR RUFEN SIE ZUR\u00dcCK<\/a>  -->  <\/div><\/div> <\/div> <\/div> <\/section>","protected":false},"excerpt":{"rendered":"<p>Ihr Profil F\u00fcr wen und was ist Payrolling, Lohntr\u00e4gerschaft? Payrolling, oder Lohntr\u00e4gerschaft erm\u00f6glicht es Ihnen als Berater oder Unternehmer, Ihre Projekte und Kunden v\u00f6llig unabh\u00e4ngig zu verwalten und gleichzeitig von einem Angestelltenstatus zu profitieren. Diese Art und Weise \u00fcber unsere Payroll-Firma zu arbeiten ist f\u00fcr eine breite Palette von Profilen zug\u00e4nglich. Die hier unten aufgelisteten [&hellip;]<\/p>\n","protected":false},"author":1,"featured_media":0,"parent":0,"menu_order":0,"comment_status":"closed","ping_status":"closed","template":"custom-template.php","meta":{"_coblocks_attr":"","_coblocks_dimensions":"","_coblocks_responsive_height":"","_coblocks_accordion_ie_support":"","footnotes":""},"class_list":["post-728","page","type-page","status-publish","hentry"],"yoast_head":"<!-- This site is optimized with the Yoast SEO plugin v27.2 - https:\/\/yoast.com\/product\/yoast-seo-wordpress\/ -->\n<title>Ihr Profil - Thalent.com<\/title>\n<meta name=\"robots\" content=\"index, follow, max-snippet:-1, max-image-preview:large, max-video-preview:-1\" \/>\n<link rel=\"canonical\" href=\"https:\/\/www.thalent.com\/de\/ihr-profil\" \/>\n<meta property=\"og:locale\" content=\"de_DE\" \/>\n<meta property=\"og:type\" content=\"article\" \/>\n<meta property=\"og:title\" content=\"Ihr Profil - Thalent.com\" \/>\n<meta property=\"og:description\" content=\"Ihr Profil F\u00fcr wen und was ist Payrolling, Lohntr\u00e4gerschaft? Payrolling, oder Lohntr\u00e4gerschaft erm\u00f6glicht es Ihnen als Berater oder Unternehmer, Ihre Projekte und Kunden v\u00f6llig unabh\u00e4ngig zu verwalten und gleichzeitig von einem Angestelltenstatus zu profitieren. Diese Art und Weise \u00fcber unsere Payroll-Firma zu arbeiten ist f\u00fcr eine breite Palette von Profilen zug\u00e4nglich. Die hier unten aufgelisteten [&hellip;]\" \/>\n<meta property=\"og:url\" content=\"https:\/\/www.thalent.com\/de\/ihr-profil\" \/>\n<meta property=\"og:site_name\" content=\"Thalent.com\" \/>\n<meta property=\"article:modified_time\" content=\"2023-04-11T13:39:24+00:00\" \/>\n<script type=\"application\/ld+json\" class=\"yoast-schema-graph\">{\"@context\":\"https:\/\/schema.org\",\"@graph\":[{\"@type\":\"WebPage\",\"@id\":\"https:\/\/www.thalent.com\/de\/ihr-profil\",\"url\":\"https:\/\/www.thalent.com\/de\/ihr-profil\",\"name\":\"Ihr Profil - Thalent.com\",\"isPartOf\":{\"@id\":\"https:\/\/www.thalent.com\/#website\"},\"datePublished\":\"2021-01-30T08:25:00+00:00\",\"dateModified\":\"2023-04-11T13:39:24+00:00\",\"inLanguage\":\"de\",\"potentialAction\":[{\"@type\":\"ReadAction\",\"target\":[\"https:\/\/www.thalent.com\/de\/ihr-profil\"]}]},{\"@type\":\"WebSite\",\"@id\":\"https:\/\/www.thalent.com\/#website\",\"url\":\"https:\/\/www.thalent.com\/\",\"name\":\"Thalent.com\",\"description\":\"Thalent\",\"potentialAction\":[{\"@type\":\"SearchAction\",\"target\":{\"@type\":\"EntryPoint\",\"urlTemplate\":\"https:\/\/www.thalent.com\/?s={search_term_string}\"},\"query-input\":{\"@type\":\"PropertyValueSpecification\",\"valueRequired\":true,\"valueName\":\"search_term_string\"}}],\"inLanguage\":\"de\"}]}<\/script>\n<!-- \/ Yoast SEO plugin. -->","yoast_head_json":{"title":"Ihr Profil - Thalent.com","robots":{"index":"index","follow":"follow","max-snippet":"max-snippet:-1","max-image-preview":"max-image-preview:large","max-video-preview":"max-video-preview:-1"},"canonical":"https:\/\/www.thalent.com\/de\/ihr-profil","og_locale":"de_DE","og_type":"article","og_title":"Ihr Profil - Thalent.com","og_description":"Ihr Profil F\u00fcr wen und was ist Payrolling, Lohntr\u00e4gerschaft? Payrolling, oder Lohntr\u00e4gerschaft erm\u00f6glicht es Ihnen als Berater oder Unternehmer, Ihre Projekte und Kunden v\u00f6llig unabh\u00e4ngig zu verwalten und gleichzeitig von einem Angestelltenstatus zu profitieren. Diese Art und Weise \u00fcber unsere Payroll-Firma zu arbeiten ist f\u00fcr eine breite Palette von Profilen zug\u00e4nglich. Die hier unten aufgelisteten [&hellip;]","og_url":"https:\/\/www.thalent.com\/de\/ihr-profil","og_site_name":"Thalent.com","article_modified_time":"2023-04-11T13:39:24+00:00","schema":{"@context":"https:\/\/schema.org","@graph":[{"@type":"WebPage","@id":"https:\/\/www.thalent.com\/de\/ihr-profil","url":"https:\/\/www.thalent.com\/de\/ihr-profil","name":"Ihr Profil - Thalent.com","isPartOf":{"@id":"https:\/\/www.thalent.com\/#website"},"datePublished":"2021-01-30T08:25:00+00:00","dateModified":"2023-04-11T13:39:24+00:00","inLanguage":"de","potentialAction":[{"@type":"ReadAction","target":["https:\/\/www.thalent.com\/de\/ihr-profil"]}]},{"@type":"WebSite","@id":"https:\/\/www.thalent.com\/#website","url":"https:\/\/www.thalent.com\/","name":"Thalent.com","description":"Thalent","potentialAction":[{"@type":"SearchAction","target":{"@type":"EntryPoint","urlTemplate":"https:\/\/www.thalent.com\/?s={search_term_string}"},"query-input":{"@type":"PropertyValueSpecification","valueRequired":true,"valueName":"search_term_string"}}],"inLanguage":"de"}]}},"_links":{"self":[{"href":"https:\/\/www.thalent.com\/de\/wp-json\/wp\/v2\/pages\/728","targetHints":{"allow":["GET"]}}],"collection":[{"href":"https:\/\/www.thalent.com\/de\/wp-json\/wp\/v2\/pages"}],"about":[{"href":"https:\/\/www.thalent.com\/de\/wp-json\/wp\/v2\/types\/page"}],"author":[{"embeddable":true,"href":"https:\/\/www.thalent.com\/de\/wp-json\/wp\/v2\/users\/1"}],"replies":[{"embeddable":true,"href":"https:\/\/www.thalent.com\/de\/wp-json\/wp\/v2\/comments?post=728"}],"version-history":[{"count":0,"href":"https:\/\/www.thalent.com\/de\/wp-json\/wp\/v2\/pages\/728\/revisions"}],"wp:attachment":[{"href":"https:\/\/www.thalent.com\/de\/wp-json\/wp\/v2\/media?parent=728"}],"curies":[{"name":"wp","href":"https:\/\/api.w.org\/{rel}","templated":true}]}}