{"id":719,"date":"2021-01-30T09:11:00","date_gmt":"2021-01-30T08:11:00","guid":{"rendered":"http:\/\/new.thalent.com\/?page_id=719"},"modified":"2024-03-07T12:20:26","modified_gmt":"2024-03-07T11:20:26","slug":"loesungen-fuer-firmen","status":"publish","type":"page","link":"https:\/\/www.thalent.com\/de\/loesungen-fuer-firmen","title":{"rendered":"L\u00f6sungen f\u00fcr Firmen"},"content":{"rendered":"<div class=\"book-form-sidebar\"> <div class=\"book-box d-none\"><a href=\"#cp-widget\"><img decoding=\"async\" src=\"\/wp-content\/uploads\/2020\/12\/call-icon.png\">Wir rufen Sie zur\u00fcck<\/a><\/div> <div class=\"book-box\"><a href=\"\/de\/termin\"><img decoding=\"async\" src=\"\/wp-content\/uploads\/2020\/12\/calendar-icon.png\">Beratungs-Anmeldung<\/a><\/div> <\/div> <section class=\"georgia-font companies-solutions\" style=\"background: url('\/wp-content\/uploads\/2020\/12\/amy-humphries-8ML_M_BRI-M-unsplash.png') no-repeat;\"> <div class=\"container\"> <div class=\"row\"> <div class=\"col-lg-8 col-md-9 col-sm-12 col-12\"> <h2 class=\"mb-5 d-none d-md-block\">L\u00f6sungen f\u00fcr Firmen<\/h2> <h2 class=\"mb-4 d-md-none\">L\u00f6sungen f\u00fcr Firmen<\/h2> <h3 class=\"mb-5 d-none d-md-block\">Sind Sie ein Unternehmen, das Freelance-Consultants oder -Berater einstellen m\u00f6chte?<\/h3> <h5 class=\"mb-3 d-none d-md-block\"><i>Stellen Sie sie \u00fcber uns ein: Wir zahlen ihre Geh\u00e4lter, ihre Sozialversicherungsbeitr\u00e4ge, ihre Rente, ihre Steuern und ihre Unfallversicherung.<\/i><\/h5> <\/div> <\/div> <\/div> <\/section> <section class=\"georgia-font companies-solutions-mobile d-md-none mt-4\"> <div class=\"container\"> <div class=\"row\"> <div class=\"col-lg-8 col-md-9 col-sm-12 col-12\"> <h3 class=\"mb-3\">Sind Sie ein Unternehmen, das Freelance-Auftragnehmer oder -Berater einstellen m\u00f6chte?<\/h3> <h5 class=\"mb-1\"><i><br \/> Stellen Sie sie \u00fcber uns ein: Wir zahlen ihre Geh\u00e4lter, ihre Sozialversicherungsbeitr\u00e4ge, ihre Rente, ihre Steuern und ihre Unfallversicherung.<br \/> <\/i><\/h5> <\/div> <\/div> <\/div> <\/section> <section class=\"sec-padding foreign-companies text-center\"> <div class=\"container\"> <div class=\"company-logo\"><img decoding=\"async\" class=\"mt-5\" src=\"\/wp-content\/uploads\/2021\/01\/company-logo.jpg\"><\/p> <ul> <li>Schweizer<\/li> <li>Nicht Schweizer<\/li> <\/ul> <\/div> <ul class=\"tick-list tick-list-one-column georgia-font mt-5\"> <li> <h3 class=\"mb-4\">Ausl\u00e4ndische (Nicht-Schweizer)<\/h3> <h5 class=\"text-left\">F\u00fcr ein ausl\u00e4ndisches Unternehmen ist es nicht einfach, in der Schweiz ans\u00e4ssige Berater f\u00fcr eine Teilzeitbesch\u00e4ftigung oder ein befristeten Zeitraum einzustellen, wenn es hier keine Niederlassung hat<\/h5> <\/li> <\/ul> <ul class=\"tick-list tick-list-three-column\"> <li><b>100% digitale Gehaltszahlung<br \/> <\/b><br \/> Ihr Berater kann f\u00fcr Ihre Kunden arbeiten und gleichzeitig von dem rechtlichen Status eines Angestellten profitieren<\/li> <li><b>Schweizer Recht konform<\/b><br \/> Wir k\u00fcmmern uns um die Beziehungen mit den Steuerbeh\u00f6rden oder dem Einwohneramt f\u00fcr die Arbeitsgenehmigungen. Garantierte Kompetenz f\u00fcr alle 26 Kantone<\/li> <li><b>Sparen Sie Zeit und Geld<br \/> <\/b><br \/> Sie m\u00fcssen sich nicht mit Personalwesen, Vertr\u00e4gen oder Buchhaltung im Zusammenhang mit der Zahlung von Geh\u00e4ltern befassen.<\/li> <li><b>Ausl\u00e4ndisches Unternehmen?<br \/> <\/b><br \/> Ohne Niederlassung in der Schweiz ist es nicht einfach, Berater oder Consultants in der Schweiz einzustellen. Wir erledigen das f\u00fcr Sie<\/li> <li><b>Ohne Verpflichtung:<\/b><br \/> Keine Anmelde- oder Abmelde-Kosten<br \/> Keine Mindestvertragslaufzeit<\/li> <li><b>Beratung durch Experten<br \/> <\/b><br \/> Wir sind spezialisiert auf HR- und Payroll-Management. Unsere erfahrene Manager haben die richtige L\u00f6sung f\u00fcr Ihre Bed\u00fcrfnisse.<\/li> <\/ul> <\/div> <\/section> <section class=\"independent-sec georgia-font\"> <div class=\"container\"> <div class=\"independent-box\"> <h2>Ob Schweizer oder ausl\u00e4ndische, wir haben schon hunderten von Unternehmen geholfen, eine L\u00f6sung f\u00fcr Stellen-Probleme zu finden<\/h2> <\/div> <\/div> <\/section> <section class=\"payroll sec-padding\"> <div class=\"container\"> <div class=\"payroll-inner mb-5\"> <h3 class=\"georgia-font mb-5 text-center\">Wenn Sie sich in den folgenden Situationen befinden:<\/h3> <ul> <li>Es ist f\u00fcr Sie aus finanziellen Gr\u00fcnden schwer Personal fest einzustellen<\/li> <li>Sie brauchen Personen f\u00fcr Projekte, aber nur f\u00fcr einen bestimmten Zeitraum<\/li> <li>Sie haben sich aufgrund der wirtschaftlichen Situation von Mitarbeitern trennen m\u00fcssen, wollen aber weiterhin mit ihnen arbeiten<\/li> <li>Sie m\u00f6chten bestimmten Mitarbeitern dabei helfen, ihr eigenes Unternehmen zu gr\u00fcnden, d.h. ein eigenes \u201cSpin-off\u201d zu gr\u00fcnden<\/li> <li>Sie k\u00f6nnen kein zus\u00e4tzliches Personal einstellen aber haben die M\u00f6glichkeit Auftr\u00e4ge an Drittfirmen zu vergeben<\/li> <li>Sie sind ein ausl\u00e4ndisches Unternehmen dass in der Schweiz Personal einstellen muss<\/li> <\/ul> <\/div> <div class=\"row mt-5 justify-content-center\"> <div class=\"col-lg-8 col-md-9 col-sm-12 col-12\"> <h3 class=\"mb-5 georgia-font mt-5\"><i>Dann k\u00f6nnten Sie Freelancer oder Berater \u00fcber Thalent AG einstellen<br \/> <\/i><\/h3> <h5 class=\"mb-5 georgia-font\"><i>Um mehr zu erfahren, kontaktieren Sie uns!<br \/> Einer unserer erfahrenen Manager wird sich dann mit Ihnen f\u00fcr ein kostenloses Beratungsgespr\u00e4ch in Verbindung setzen und Ihnen ein massgeschneidertes, unverbindliches Angebot unterbreiten das Ihren speziellen Bed\u00fcrfnissen entspricht.<br \/> <\/i><\/h5> <div class=\"row\"> <div class=\"col-12 text-center mt-4\"><a class=\"custom-btn\" href=\"\/de\/contact-us\">KONTAKTIEREN SIE UNS<\/a><\/div> <\/div> <\/div> <\/div> <\/div> <\/section>","protected":false},"excerpt":{"rendered":"<p>Wir rufen Sie zur\u00fcck Beratungs-Anmeldung L\u00f6sungen f\u00fcr Firmen L\u00f6sungen f\u00fcr Firmen Sind Sie ein Unternehmen, das Freelance-Consultants oder -Berater einstellen m\u00f6chte? Stellen Sie sie \u00fcber uns ein: Wir zahlen ihre Geh\u00e4lter, ihre Sozialversicherungsbeitr\u00e4ge, ihre Rente, ihre Steuern und ihre Unfallversicherung. Sind Sie ein Unternehmen, das Freelance-Auftragnehmer oder -Berater einstellen m\u00f6chte? Stellen Sie sie \u00fcber uns [&hellip;]<\/p>\n","protected":false},"author":1,"featured_media":0,"parent":0,"menu_order":0,"comment_status":"closed","ping_status":"closed","template":"custom-template.php","meta":{"_coblocks_attr":"","_coblocks_dimensions":"","_coblocks_responsive_height":"","_coblocks_accordion_ie_support":"","footnotes":""},"class_list":["post-719","page","type-page","status-publish","hentry"],"yoast_head":"<!-- This site is optimized with the Yoast SEO plugin v27.2 - https:\/\/yoast.com\/product\/yoast-seo-wordpress\/ -->\n<title>L\u00f6sungen f\u00fcr Firmen - Thalent.com<\/title>\n<meta name=\"robots\" content=\"index, follow, max-snippet:-1, max-image-preview:large, max-video-preview:-1\" \/>\n<link rel=\"canonical\" href=\"https:\/\/www.thalent.com\/de\/loesungen-fuer-firmen\" \/>\n<meta property=\"og:locale\" content=\"de_DE\" \/>\n<meta property=\"og:type\" content=\"article\" \/>\n<meta property=\"og:title\" content=\"L\u00f6sungen f\u00fcr Firmen - Thalent.com\" \/>\n<meta property=\"og:description\" content=\"Wir rufen Sie zur\u00fcck Beratungs-Anmeldung L\u00f6sungen f\u00fcr Firmen L\u00f6sungen f\u00fcr Firmen Sind Sie ein Unternehmen, das Freelance-Consultants oder -Berater einstellen m\u00f6chte? Stellen Sie sie \u00fcber uns ein: Wir zahlen ihre Geh\u00e4lter, ihre Sozialversicherungsbeitr\u00e4ge, ihre Rente, ihre Steuern und ihre Unfallversicherung. Sind Sie ein Unternehmen, das Freelance-Auftragnehmer oder -Berater einstellen m\u00f6chte? Stellen Sie sie \u00fcber uns [&hellip;]\" \/>\n<meta property=\"og:url\" content=\"https:\/\/www.thalent.com\/de\/loesungen-fuer-firmen\" \/>\n<meta property=\"og:site_name\" content=\"Thalent.com\" \/>\n<meta property=\"article:modified_time\" content=\"2024-03-07T11:20:26+00:00\" \/>\n<script type=\"application\/ld+json\" class=\"yoast-schema-graph\">{\"@context\":\"https:\/\/schema.org\",\"@graph\":[{\"@type\":\"WebPage\",\"@id\":\"https:\/\/www.thalent.com\/de\/loesungen-fuer-firmen\",\"url\":\"https:\/\/www.thalent.com\/de\/loesungen-fuer-firmen\",\"name\":\"L\u00f6sungen f\u00fcr Firmen - Thalent.com\",\"isPartOf\":{\"@id\":\"https:\/\/www.thalent.com\/#website\"},\"datePublished\":\"2021-01-30T08:11:00+00:00\",\"dateModified\":\"2024-03-07T11:20:26+00:00\",\"inLanguage\":\"de\",\"potentialAction\":[{\"@type\":\"ReadAction\",\"target\":[\"https:\/\/www.thalent.com\/de\/loesungen-fuer-firmen\"]}]},{\"@type\":\"WebSite\",\"@id\":\"https:\/\/www.thalent.com\/#website\",\"url\":\"https:\/\/www.thalent.com\/\",\"name\":\"Thalent.com\",\"description\":\"Thalent\",\"potentialAction\":[{\"@type\":\"SearchAction\",\"target\":{\"@type\":\"EntryPoint\",\"urlTemplate\":\"https:\/\/www.thalent.com\/?s={search_term_string}\"},\"query-input\":{\"@type\":\"PropertyValueSpecification\",\"valueRequired\":true,\"valueName\":\"search_term_string\"}}],\"inLanguage\":\"de\"}]}<\/script>\n<!-- \/ Yoast SEO plugin. -->","yoast_head_json":{"title":"L\u00f6sungen f\u00fcr Firmen - Thalent.com","robots":{"index":"index","follow":"follow","max-snippet":"max-snippet:-1","max-image-preview":"max-image-preview:large","max-video-preview":"max-video-preview:-1"},"canonical":"https:\/\/www.thalent.com\/de\/loesungen-fuer-firmen","og_locale":"de_DE","og_type":"article","og_title":"L\u00f6sungen f\u00fcr Firmen - Thalent.com","og_description":"Wir rufen Sie zur\u00fcck Beratungs-Anmeldung L\u00f6sungen f\u00fcr Firmen L\u00f6sungen f\u00fcr Firmen Sind Sie ein Unternehmen, das Freelance-Consultants oder -Berater einstellen m\u00f6chte? Stellen Sie sie \u00fcber uns ein: Wir zahlen ihre Geh\u00e4lter, ihre Sozialversicherungsbeitr\u00e4ge, ihre Rente, ihre Steuern und ihre Unfallversicherung. Sind Sie ein Unternehmen, das Freelance-Auftragnehmer oder -Berater einstellen m\u00f6chte? Stellen Sie sie \u00fcber uns [&hellip;]","og_url":"https:\/\/www.thalent.com\/de\/loesungen-fuer-firmen","og_site_name":"Thalent.com","article_modified_time":"2024-03-07T11:20:26+00:00","schema":{"@context":"https:\/\/schema.org","@graph":[{"@type":"WebPage","@id":"https:\/\/www.thalent.com\/de\/loesungen-fuer-firmen","url":"https:\/\/www.thalent.com\/de\/loesungen-fuer-firmen","name":"L\u00f6sungen f\u00fcr Firmen - Thalent.com","isPartOf":{"@id":"https:\/\/www.thalent.com\/#website"},"datePublished":"2021-01-30T08:11:00+00:00","dateModified":"2024-03-07T11:20:26+00:00","inLanguage":"de","potentialAction":[{"@type":"ReadAction","target":["https:\/\/www.thalent.com\/de\/loesungen-fuer-firmen"]}]},{"@type":"WebSite","@id":"https:\/\/www.thalent.com\/#website","url":"https:\/\/www.thalent.com\/","name":"Thalent.com","description":"Thalent","potentialAction":[{"@type":"SearchAction","target":{"@type":"EntryPoint","urlTemplate":"https:\/\/www.thalent.com\/?s={search_term_string}"},"query-input":{"@type":"PropertyValueSpecification","valueRequired":true,"valueName":"search_term_string"}}],"inLanguage":"de"}]}},"_links":{"self":[{"href":"https:\/\/www.thalent.com\/de\/wp-json\/wp\/v2\/pages\/719","targetHints":{"allow":["GET"]}}],"collection":[{"href":"https:\/\/www.thalent.com\/de\/wp-json\/wp\/v2\/pages"}],"about":[{"href":"https:\/\/www.thalent.com\/de\/wp-json\/wp\/v2\/types\/page"}],"author":[{"embeddable":true,"href":"https:\/\/www.thalent.com\/de\/wp-json\/wp\/v2\/users\/1"}],"replies":[{"embeddable":true,"href":"https:\/\/www.thalent.com\/de\/wp-json\/wp\/v2\/comments?post=719"}],"version-history":[{"count":0,"href":"https:\/\/www.thalent.com\/de\/wp-json\/wp\/v2\/pages\/719\/revisions"}],"wp:attachment":[{"href":"https:\/\/www.thalent.com\/de\/wp-json\/wp\/v2\/media?parent=719"}],"curies":[{"name":"wp","href":"https:\/\/api.w.org\/{rel}","templated":true}]}}