{"id":713,"date":"2021-01-30T07:53:40","date_gmt":"2021-01-30T06:53:40","guid":{"rendered":"http:\/\/new.thalent.com\/?page_id=713"},"modified":"2024-03-12T12:32:17","modified_gmt":"2024-03-12T11:32:17","slug":"werden-sie-berater","status":"publish","type":"page","link":"https:\/\/www.thalent.com\/de\/werden-sie-berater","title":{"rendered":"Werden Sie Berater"},"content":{"rendered":"<div class=\"book-form-sidebar\"> <!--   <div class=\"book-box\"><a href=\"#cp-widget\"><img decoding=\"async\" src=\"\/wp-content\/uploads\/2020\/12\/call-icon.png\">Wir rufen Sie zur\u00fcck<\/a><\/div>   --><\/p> <div class=\"book-box\"><a href=\"\/de\/termin\"><img decoding=\"async\" src=\"\/wp-content\/uploads\/2020\/12\/calendar-icon.png\">Beratungs-Anmeldung<\/a><\/div> <\/div> <section class=\"sec-padding georgia-font\"> <div class=\"container\"> <h2 class=\"mb-5\">Werden Sie Berater bei Thalent AG<\/h2> <div class=\"row align-items-center\"> <div class=\"col-lg-2 col-md-3 col-sm-4 col-4\"><img decoding=\"async\" class=\"img-res mb-2\" src=\"\/wp-content\/uploads\/2020\/12\/Group-20.png\"><\/div> <div class=\"col-lg-7 col-md-6 col-sm-8 col-8\"> <h3 class=\"\">20 Jahre Erfahrung<\/h3> <h5 class=\"mb-2\"><i> Die perfekte L\u00f6sung f\u00fcr die Problematik eines Selbst\u00e4ndigen<br \/> <\/i><\/h5> <\/div> <\/div> <ul class=\"wage-portage-list mb-2 mt-5\"> <li>Warum und was ist Payrolling, auch Lohn-Tr\u00e4gerschaft genannt?<\/li> <li>Unsere Dienstleistungen im Detail<\/li> <li>Eine Win-Win-Dreiecksbeziehung<\/li> <\/ul> <\/div> <\/section> <section class=\"wage-portage-sec\"> <div class=\"container\"> <div class=\"row\"> <div class=\"col-lg-6 col-md-12 col-sm-12 col-12 pr-5\"> <h3 class=\"mb-5 georgia-font\">Warum und was ist Payrolling, auch Lohn-Tr\u00e4gerschaft genannt?<\/h3> <h4 class=\"mb-4\">Als Einzelperson k\u00f6nnen Sie nur dann Honorare verrechnen, wenn Sie sich als bei den Beh\u00f6rden anmelden oder ein Unternehmen gr\u00fcnden. Sie verlieren jedoch danach den Anspruch auf bestimmte Sozialversicherungsleistungen auf welche Sie als Angestellter recht haben wie z.B. die Arbeitslosenversicherung oder bezahlten Urlaub.<\/h4> <p><img decoding=\"async\" class=\"img-res mb-2 d-lg-none\" src=\"\/wp-content\/uploads\/2020\/12\/portage-bg.png\"><\/p> <p class=\"mb-4\">Mit unserem Unternehmen k\u00f6nnen Sie Ihre T\u00e4tigkeit unter dem Status eines Angestellten aus\u00fcben.<\/p> <p class=\"mb-5\"><b><i>Wir haben unsere Dienstleistungen auf Sie zugeschnitten:<br \/> <\/i><\/b><\/p> <ul class=\"tick-list\"> <li><b>Sie k\u00f6nnen f\u00fcr Ihren Kunden arbeiten und gleichzeitig den rechtlichen Status eines Angestellten geniessen<\/b><\/li> <li><b>Sie m\u00fcssen sich nicht um administrative Aufgaben wie Buchhaltung und Rechnungsstellung k\u00fcmmern<br \/> <\/b><\/li> <li><b>Sie k\u00f6nnen Ihre wertvolle Zeit der Suche von neuen Kunden oder Auftr\u00e4gen widmen<br \/> <\/b><\/li> <li><b>Sie k\u00f6nnen unsere Einrichtungen, wie z. B. ein Besprechungsraum mit Internet verwenden<br \/> <\/b><\/li> <\/ul> <p class=\"mb-4\">Sie f\u00fchren somit die Auftr\u00e4ge aus, die Sie gewonnen haben und die Ihnen Ihre Kunden in Ihrem Fachgebiet gegeben haben, wobei Sie sich auf nur die Aufgaben konzentrieren, die einen Mehrwert schaffen, ohne sich um die administrative Arbeit zu k\u00fcmmern. Gleichzeitig geniessen Sie die Vorteile, die mit dem Status eines angestellten Mitarbeiters eines Unternehmens verbunden sind.<\/p> <p>Als Berater oder Consultant profitieren Sie von einer Struktur, die es Ihnen erlaubt, Ihre unternehmerischen Aktivit\u00e4ten und Ziele voll zum Ausdruck zu bringen!<\/p> <\/div> <div class=\"col-lg-6 col-md-12 col-sm-12 col-12 d-none\"><img decoding=\"async\" class=\"img-res mb-2\" src=\"\/wp-content\/uploads\/2020\/12\/portage-bg.png\"><\/div> <\/div> <\/div> <\/section> <section class=\"service-cover\"> <div class=\"container\"> <div class=\"row\"> <div class=\"col-lg-6 col-md-12 col-sm-12 col-12 px-md-5 invisible\"><img decoding=\"async\" class=\"img-res mb-2\" src=\"\/wp-content\/uploads\/2020\/12\/service-cover.png\"><\/div> <div class=\"col-lg-6 col-md-12 col-sm-12 col-12 pl-5\"> <h3 class=\"mb-5 mt-5 georgia-font\">Unsere Dienstleistungen umfassen insbesondere:<\/h3> <ul class=\"nos-bull\"> <li> Ein Arbeitsvertrag mit Ihnen als Angestellter (befristet, unbefristet oder stundenweise)<\/li> <li> Rechnungs- und Mahnungswesen<\/li> <li> Mehrwertsteuerverwaltung<\/li> <li> Beziehungen zu Verwaltungsstellen wie das Einwohneramt f\u00fcr die Arbeitsgenehmigungen, die Steuerbeh\u00f6rden usw.<\/li> <li> Bezahlter Urlaub<\/li> <p><!-- - Withholding tax paid by us (Imp\u00f4ts a \u00e0 la source) --><\/p> <li class=\"mb-4 mt-4\"><b> Kompletter Sozialversicherungsschutz mit der besten BVG\/Pensionskasse der 2. S\u00e4ule:<\/b><\/li> <\/ul> <ul class=\"security-benefits-list\"> <li>AHV: Alters- und Hinterlassenenversicherung<\/li> <li>IV: Invalidenversicherung<\/li> <li>BUV: Betriebssunfallversicherung<\/li> <li>NBUV: Nicht-Betriebsunfallversicherung<\/li> <li>RC: Angepasste Haftpflichtversicherung<\/li> <li>MUV: Mutterschaftsversicherung<\/li> <li>ALV: Arbeitslosenversicherung<\/li> <li>BVG: Pensionskasse 2. S\u00e4ule mit der besten Kasse und einem Plan der \u201eFER\u201c (F\u00e9d\u00e9ration des Entreprises Romandes)<\/li> <\/ul> <ul class=\"nos-bull\"> <li class=\"mb-4\"> Wir k\u00fcmmern uns auch um die R\u00fcckerstattung von Reisekosten oder anderen Berufskosten<\/li> <li> Sie haben Zugang zu einem Besprechungsraum mit highs-speed Internetzugang<\/li> <li> Wir helfen Ihnen die Vertr\u00e4ge f\u00fcr Ihre Kunden zu erstellen<\/li> <li> Im Gegensatz zu vielen Treuh\u00e4ndern haben wir eine kantonale und eidgen\u00f6ssische Lizenz um als Unternehmen welches Berater beherbergt arbeiten zu d\u00fcrfen<\/li> <\/ul> <\/div> <\/div> <\/div> <\/section> <section class=\"consultant-benefit\"> <div class=\"container\"> <div class=\"row\"> <div class=\"col-lg-5 col-md-8 col-sm-12 col-12\"> <h5 class=\"color-secondary georgia-font\"><i>Als Berater oder Consultant profitieren Sie von einer Struktur, die es Ihnen erlaubt, Ihre unternehmerischen Aktivit\u00e4ten und Ziele voll zum Ausdruck zu bringen!<br \/> <\/i><\/h5> <\/div> <\/div> <\/div> <\/section> <section class=\"triangular-relationship\"> <div class=\"container\"> <div class=\"row\"> <div class=\"col-lg-12 col-md-12 col-sm-12 col-12\"> <h3 class=\"georgia-font mb-5\">Eine Win-Win-Dreiecksbeziehung:<\/h3> <p><img decoding=\"async\" class=\"img-res mb-5\" src=\"\/wp-content\/uploads\/2020\/12\/relationship.png\"><\/p> <\/div> <\/div> <div class=\"row\"> <div class=\"col-lg-6 col-md-6 col-sm-12 col-12 px-md-5\"> <p class=\"mb-4\">Als Berater, welcher f\u00fcr einen oder mehreren Kunden t\u00e4tig ist, zahlen Sie mit Ihrem gesamten Einkommen in die 2. S\u00e4ule der beruflichen Vorsorge BV.<\/p> <p class=\"mb-4\">Durch die Zusammenarbeit mit uns gewinnt Ihr Kunde an Flexibilit\u00e4t, da er gr\u00f6\u00dfere Arbeitslast-Schwankungen austragen kann, insbesondere diejenigen im Zusammenhang mit der Gesch\u00e4ftsentwicklung seines Unternehmens.<\/p> <p>Die Seriosit\u00e4t und Erfahrung von Thalent SA garantieren Ihnen und Ihrem Mandanten die Einbehaltung des Arbeitsrechts.<\/p> <\/div> <div class=\"col-lg-6 col-md-6 col-sm-12 col-12 px-md-5\"> <p class=\"mb-4\">Der Kunde schickt einfach eine Bestellung oder einen Auftrag per E-Mail an Thalent,<br \/> der Berater oder Consultant f\u00fchrt die Aufgaben des Kunden aus und erh\u00e4lt dann am Ende jedes Arbeitsmonats sein Gehalt, ohne sich mit administrativen Aufgaben oder Buchhaltungsfragen besch\u00e4ftigen zu m\u00fcssen.<\/p> <p class=\"mb-4\">Dank des Hybrid-Status profitieren Sie als Consultant bei unser Payroll-Firma zudem von einer umfassenden Berufsunfallversicherung, die jegliche Risiken im Zusammenhang mit Reisen und Gesch\u00e4ftsreisen verhindert.<\/p> <\/div> <\/div> <div class=\"row d-flex justify-content-center mb-5 mt-5\"> <div class=\"col-lg-9 col-md-10 col-sm-11 col-11\"><img decoding=\"async\" class=\"img-res mb-5 mt-5\" src=\"\/wp-content\/uploads\/2021\/02\/relationship-group-de.png\"><\/div> <\/div> <div class=\"row d-flex justify-content-center mb-5 mt-5\"> <div class=\"col-lg-9 col-md-10 col-sm-11 col-11 text-center\"> <h3 class=\"georgia-font mb-5\">Werden Sie Berater bei Thalent AG<\/h3> <div class=\"row justify-content-center\"> <div class=\"col-lg-5 col-md-6 col-sm-9 col-12\"><a class=\"custom-btn col-12\" href=\"\/de\/appointment\"><img decoding=\"async\" src=\"\/wp-content\/uploads\/2020\/12\/calendar-icon-white.png\"> KOSTENLOSEN TERMIN VEREINBAREN<\/a><\/div> <p><!--   <div class=\"col-lg-5 col-md-6 col-sm-9 col-12\"><a class=\"custom-btn col-12\" href=\"#cp-widget\"><img decoding=\"async\" src=\"\/wp-content\/uploads\/2021\/01\/phone-white-icon.png\"> WIR RUFEN SIE ZUR\u00dcCK<\/a><\/div>   --> <\/div> <\/div> <\/div> <\/div> <\/section>","protected":false},"excerpt":{"rendered":"<p>Beratungs-Anmeldung Werden Sie Berater bei Thalent AG 20 Jahre Erfahrung Die perfekte L\u00f6sung f\u00fcr die Problematik eines Selbst\u00e4ndigen Warum und was ist Payrolling, auch Lohn-Tr\u00e4gerschaft genannt? Unsere Dienstleistungen im Detail Eine Win-Win-Dreiecksbeziehung Warum und was ist Payrolling, auch Lohn-Tr\u00e4gerschaft genannt? Als Einzelperson k\u00f6nnen Sie nur dann Honorare verrechnen, wenn Sie sich als bei den Beh\u00f6rden [&hellip;]<\/p>\n","protected":false},"author":1,"featured_media":0,"parent":0,"menu_order":0,"comment_status":"closed","ping_status":"closed","template":"custom-template.php","meta":{"_coblocks_attr":"","_coblocks_dimensions":"","_coblocks_responsive_height":"","_coblocks_accordion_ie_support":"","footnotes":""},"class_list":["post-713","page","type-page","status-publish","hentry"],"yoast_head":"<!-- This site is optimized with the Yoast SEO plugin v27.2 - https:\/\/yoast.com\/product\/yoast-seo-wordpress\/ -->\n<title>Werden Sie Berater - Thalent.com<\/title>\n<meta name=\"robots\" content=\"index, follow, max-snippet:-1, max-image-preview:large, max-video-preview:-1\" \/>\n<link rel=\"canonical\" href=\"https:\/\/www.thalent.com\/de\/werden-sie-berater\" \/>\n<meta property=\"og:locale\" content=\"de_DE\" \/>\n<meta property=\"og:type\" content=\"article\" \/>\n<meta property=\"og:title\" content=\"Werden Sie Berater - Thalent.com\" \/>\n<meta property=\"og:description\" content=\"Beratungs-Anmeldung Werden Sie Berater bei Thalent AG 20 Jahre Erfahrung Die perfekte L\u00f6sung f\u00fcr die Problematik eines Selbst\u00e4ndigen Warum und was ist Payrolling, auch Lohn-Tr\u00e4gerschaft genannt? Unsere Dienstleistungen im Detail Eine Win-Win-Dreiecksbeziehung Warum und was ist Payrolling, auch Lohn-Tr\u00e4gerschaft genannt? Als Einzelperson k\u00f6nnen Sie nur dann Honorare verrechnen, wenn Sie sich als bei den Beh\u00f6rden [&hellip;]\" \/>\n<meta property=\"og:url\" content=\"https:\/\/www.thalent.com\/de\/werden-sie-berater\" \/>\n<meta property=\"og:site_name\" content=\"Thalent.com\" \/>\n<meta property=\"article:modified_time\" content=\"2024-03-12T11:32:17+00:00\" \/>\n<script type=\"application\/ld+json\" class=\"yoast-schema-graph\">{\"@context\":\"https:\/\/schema.org\",\"@graph\":[{\"@type\":\"WebPage\",\"@id\":\"https:\/\/www.thalent.com\/de\/werden-sie-berater\",\"url\":\"https:\/\/www.thalent.com\/de\/werden-sie-berater\",\"name\":\"Werden Sie Berater - Thalent.com\",\"isPartOf\":{\"@id\":\"https:\/\/www.thalent.com\/#website\"},\"datePublished\":\"2021-01-30T06:53:40+00:00\",\"dateModified\":\"2024-03-12T11:32:17+00:00\",\"inLanguage\":\"de\",\"potentialAction\":[{\"@type\":\"ReadAction\",\"target\":[\"https:\/\/www.thalent.com\/de\/werden-sie-berater\"]}]},{\"@type\":\"WebSite\",\"@id\":\"https:\/\/www.thalent.com\/#website\",\"url\":\"https:\/\/www.thalent.com\/\",\"name\":\"Thalent.com\",\"description\":\"Thalent\",\"potentialAction\":[{\"@type\":\"SearchAction\",\"target\":{\"@type\":\"EntryPoint\",\"urlTemplate\":\"https:\/\/www.thalent.com\/?s={search_term_string}\"},\"query-input\":{\"@type\":\"PropertyValueSpecification\",\"valueRequired\":true,\"valueName\":\"search_term_string\"}}],\"inLanguage\":\"de\"}]}<\/script>\n<!-- \/ Yoast SEO plugin. -->","yoast_head_json":{"title":"Werden Sie Berater - Thalent.com","robots":{"index":"index","follow":"follow","max-snippet":"max-snippet:-1","max-image-preview":"max-image-preview:large","max-video-preview":"max-video-preview:-1"},"canonical":"https:\/\/www.thalent.com\/de\/werden-sie-berater","og_locale":"de_DE","og_type":"article","og_title":"Werden Sie Berater - Thalent.com","og_description":"Beratungs-Anmeldung Werden Sie Berater bei Thalent AG 20 Jahre Erfahrung Die perfekte L\u00f6sung f\u00fcr die Problematik eines Selbst\u00e4ndigen Warum und was ist Payrolling, auch Lohn-Tr\u00e4gerschaft genannt? Unsere Dienstleistungen im Detail Eine Win-Win-Dreiecksbeziehung Warum und was ist Payrolling, auch Lohn-Tr\u00e4gerschaft genannt? Als Einzelperson k\u00f6nnen Sie nur dann Honorare verrechnen, wenn Sie sich als bei den Beh\u00f6rden [&hellip;]","og_url":"https:\/\/www.thalent.com\/de\/werden-sie-berater","og_site_name":"Thalent.com","article_modified_time":"2024-03-12T11:32:17+00:00","schema":{"@context":"https:\/\/schema.org","@graph":[{"@type":"WebPage","@id":"https:\/\/www.thalent.com\/de\/werden-sie-berater","url":"https:\/\/www.thalent.com\/de\/werden-sie-berater","name":"Werden Sie Berater - Thalent.com","isPartOf":{"@id":"https:\/\/www.thalent.com\/#website"},"datePublished":"2021-01-30T06:53:40+00:00","dateModified":"2024-03-12T11:32:17+00:00","inLanguage":"de","potentialAction":[{"@type":"ReadAction","target":["https:\/\/www.thalent.com\/de\/werden-sie-berater"]}]},{"@type":"WebSite","@id":"https:\/\/www.thalent.com\/#website","url":"https:\/\/www.thalent.com\/","name":"Thalent.com","description":"Thalent","potentialAction":[{"@type":"SearchAction","target":{"@type":"EntryPoint","urlTemplate":"https:\/\/www.thalent.com\/?s={search_term_string}"},"query-input":{"@type":"PropertyValueSpecification","valueRequired":true,"valueName":"search_term_string"}}],"inLanguage":"de"}]}},"_links":{"self":[{"href":"https:\/\/www.thalent.com\/de\/wp-json\/wp\/v2\/pages\/713","targetHints":{"allow":["GET"]}}],"collection":[{"href":"https:\/\/www.thalent.com\/de\/wp-json\/wp\/v2\/pages"}],"about":[{"href":"https:\/\/www.thalent.com\/de\/wp-json\/wp\/v2\/types\/page"}],"author":[{"embeddable":true,"href":"https:\/\/www.thalent.com\/de\/wp-json\/wp\/v2\/users\/1"}],"replies":[{"embeddable":true,"href":"https:\/\/www.thalent.com\/de\/wp-json\/wp\/v2\/comments?post=713"}],"version-history":[{"count":0,"href":"https:\/\/www.thalent.com\/de\/wp-json\/wp\/v2\/pages\/713\/revisions"}],"wp:attachment":[{"href":"https:\/\/www.thalent.com\/de\/wp-json\/wp\/v2\/media?parent=713"}],"curies":[{"name":"wp","href":"https:\/\/api.w.org\/{rel}","templated":true}]}}