{"id":14083,"date":"2023-01-27T08:03:15","date_gmt":"2023-01-27T07:03:15","guid":{"rendered":"https:\/\/www.thalent.com\/?page_id=14083"},"modified":"2024-02-22T12:44:33","modified_gmt":"2024-02-22T11:44:33","slug":"payrolling-ngo","status":"publish","type":"page","link":"https:\/\/www.thalent.com\/de\/payrolling-ngo","title":{"rendered":"Payrolling-L\u00f6sungen f\u00fcr NROs, UNO-Agenturen, internationale Organisationen oder Non-Profit-Organisationen"},"content":{"rendered":"<div class=\"sfl-page\"> <div class=\"book-form-sidebar\"> <div class=\"book-box call\"><a href=\"#cp-widget\"><img decoding=\"async\" src=\"\/wp-content\/uploads\/2020\/12\/call-icon.png\" \/>Wir rufen Sie zur\u00fcck<\/a><\/div> <div class=\"book-box calender\"><a href=\"\/de\/termin\"><img decoding=\"async\" src=\"\/wp-content\/uploads\/2020\/12\/calendar-icon.png\" \/>Termin vereinbaren<\/a><\/div> <\/div> <section class=\"georgia-font companies-solutions\" style=\"background: url('\/wp-content\/uploads\/2021\/03\/ngo-hero-image.png') no-repeat;\"> <div class=\"container\"> <div class=\"row\"> <div class=\"col-lg-10 col-md-9 col-sm-12 col-12\"> <h2 class=\"mb-5 d-md-block\">Payrolling-L\u00f6sungen f\u00fcr NROs, internationale Organisationen<br \/> oder gemeinn\u00fctzige Organisationen<\/h2> <h3 class=\"col-lg-9 p-0 mb-5 d-none d-md-block\">Sind Sie eine Nichtregierungsorganisation (NRO), eine UNAgentur, eine internationale Organisation oder eine<br \/> gemeinn\u00fctzige Organisation?<br \/> <\/h3> <h5 class=\"col-lg-9 p-0 mb-3 d-none d-md-block\"><i>Sie arbeiten mit Beratern in mehreren L\u00e4ndern, einschlie\u00dflich<br \/> der Schweiz, zusammen? Stellen Sie sie durch die Thalent SA<br \/> ein: Wir k\u00fcmmern uns um ihre Geh\u00e4lter,<br \/> Sozialversicherungsbeitr\u00e4ge, Renten, Steuern und<br \/> Unfallversicherung<\/i><\/h5> <\/div> <\/div> <\/div> <\/section> <section class=\"sec-padding pfo-section text-center\"> <div class=\"container\"> <div class=\"row pfo-holder\"> <div class=\"col-12\"> <div class=\"row\"> <div class=\"col-lg-7 col-md-12\"><img decoding=\"async\" class=\"check-icon-img\" src=\"\/wp-content\/uploads\/2021\/03\/check-icon.png\" \/><\/p> <div class=\"pfo-content\">Die Vorteile von Payrolling f\u00fcr Organisationen: <\/div> <\/div> <div class=\"col-lg-5 col-md-12\"><img decoding=\"async\" class=\"hand_globe-icon mt-5\" src=\"\/wp-content\/uploads\/2021\/03\/ngo-icon.png\" \/><\/div> <\/div> <\/div> <\/div> <ul class=\"tick-list tick-list-three-column\"> <li><b>Schneller Start<\/b><br \/> Schneller Start<br \/> Stellen Sie Berater in der Schweiz, oder den Grenzgebieten<br \/> ein, die binnen 48 bis 72 Stunden einsatzbereit sind.<\/li> <li><b>Internationale Vertr\u00e4ge<\/b><br \/> Verschiedene Vertragsarten stehen zur Verf\u00fcgung: Mandate,<br \/> Task Forces, befristete oder unbefristete Eins\u00e4tze. 100%<br \/> konform nach Schweizer Recht.<\/li> <li><b>Vertreten in Genf und Z\u00fcrich<\/b><br \/> Wir sind in Genf, dem Hauptsitz vieler internationaler<br \/> Organisationen, sowie in Z\u00fcrich ans\u00e4ssig<\/li> <li><b>Rechtssicher<\/b><br \/> Juristisch einwandfreie Arbeitsvertr\u00e4ge nach Schweizer<br \/> Recht. Thalent&#8217;s Service umfasst u.a. Antr\u00e4ge f\u00fcr die<br \/> Arbeitsbewilligung, oder Lohnabrechnung.<\/li> <li><b>Branchenexperten<\/b><br \/> Thalent&#8217;s Team hat langj\u00e4hrige Erfahrung in der<br \/> Zusammenarbeit mit Nichtregierungs-, internationalen und<br \/> gemeinn\u00fctzigen Organisationen.<\/li> <li><b>HR-Experten<\/b><br \/> Spezialisiert auf HR und Lohntr\u00e4gerschaft, unsere erfahrenen<br \/> Manager haben die richtige L\u00f6sung f\u00fcr Ihre Bed\u00fcrfnisse<\/li> <\/ul> <div class=\"row talk-to-us contact-us-btn\"> <div class=\"col-12 text-center mt-4\"><a class=\"custom-btn\" href=\"\/de\/termin\">Termin vereinbaren <\/a><\/div> <\/div> <\/div> <\/section> <section style=\" height=\" 350px !important\" class=\"independent-sec georgia-font\"> <div class=\"container\"> <\/div> <\/section> <section class=\"payroll sec-padding faq-holder\"> <div class=\"container\"> <div class=\"payroll-inner mb-5\"> <h3 class=\"georgia-font mb-5\">FAQs<\/h3> <div id=\"accordionExample\" class=\"accordion\"> <div class=\"card\"> <div id=\"faq-1\" class=\"card-header\"> <h2 class=\"mb-0\"><button class=\"btn btn-link collapsed\" type=\"button\" data-toggle=\"collapse\" data-target=\"#collapse-1\" aria-expanded=\"true\" aria-controls=\"collapse-1\">K\u00f6nnen Sie mit Vertr\u00e4gen arbeiten, die speziell f\u00fcr NGOs, UNO-Agenturen oder gemeinn\u00fctzige Organisationen gelten?<\/button><\/h2> <\/div> <div id=\"collapse-1\" class=\"collapse\" aria-labelledby=\"faq-1\" data-parent=\"#accordionExample\"> <div class=\"card-body\">Ja, das machen wir und haben es auch in der Vergangenheit gemacht. Unser Team wird mit Ihnen die Einzelheiten Ihres Auftrags besprechen und Ihnen gegebenenfalls erkl\u00e4ren, wo er an die Besonderheiten des Schweizer Arbeitsrechts angepasst werden muss.<\/div> <\/div> <\/div> <div class=\"card\"> <div id=\"faq-2\" class=\"card-header\"> <h2 class=\"mb-0\"><button class=\"btn btn-link collapsed\" type=\"button\" data-toggle=\"collapse\" data-target=\"#collapse-2\" aria-expanded=\"false\" aria-controls=\"collapse-2\">Wird der Berater eine Arbeitserlaubnis erhalten k\u00f6nnen?<\/button><\/h2> <\/div> <div id=\"collapse-2\" class=\"collapse\" aria-labelledby=\"faq-2\" data-parent=\"#accordionExample\"> <div class=\"card-body\">Thalent wird die Situation jedes Consultants pr\u00fcfen und wenn die Person in der Schweiz oder als Grenzg\u00e4nger arbeiten darf, wird sich Thalent um die Genehmigung k\u00fcmmern.<\/div> <\/div> <\/div> <div class=\"card\"> <div id=\"faq-3\" class=\"card-header\"> <h2 class=\"mb-0\"><button class=\"btn btn-link collapsed\" type=\"button\" data-toggle=\"collapse\" data-target=\"#collapse-3\" aria-expanded=\"false\" aria-controls=\"collapse-3\">Wie funktioniert die Rechnungsstellung?<\/button><\/h2> <\/div> <div id=\"collapse-3\" class=\"collapse\" aria-labelledby=\"faq-3\" data-parent=\"#accordionExample\"> <div class=\"card-body\">Wir stellen Ihrem Unternehmen Rechnung und der Berater\/Freelancer erh\u00e4lt am Ende eines jeden Monats ein Gehalt. Alle Sozialabz\u00fcge, Berufskosten, BVG-Beitr\u00e4ge, Versicherungen und Steuern werden gem\u00e4ss Schweizer Recht bezahlt.<\/div> <\/div> <\/div> <div class=\"card\"> <div id=\"faq-4\" class=\"card-header\"> <h2 class=\"mb-0\"><button class=\"btn btn-link collapsed\" type=\"button\" data-toggle=\"collapse\" data-target=\"#collapse-4\" aria-expanded=\"false\" aria-controls=\"collapse-4\">Akzeptieren Sie Zahlungen in USD oder in anderen W\u00e4hrungen?<\/button><\/h2> <\/div> <div id=\"collapse-4\" class=\"collapse\" aria-labelledby=\"faq-4\" data-parent=\"#accordionExample\"> <div class=\"card-body\">Wir akzeptieren alle wichtigen W\u00e4hrungen CHF, USD, EUR, GBP sowie andere W\u00e4hrungen gem\u00e4ss Vertrag.<\/div> <\/div> <\/div> <div class=\"card\"> <div id=\"faq-5\" class=\"card-header\"> <h2 class=\"mb-0\"><button class=\"btn btn-link collapsed\" type=\"button\" data-toggle=\"collapse\" data-target=\"#collapse-5\" aria-expanded=\"false\" aria-controls=\"collapse-5\">Bieten Sie B\u00fcror\u00e4ume oder Coworking-Spaces an?<\/button><\/h2> <\/div> <div id=\"collapse-5\" class=\"collapse\" aria-labelledby=\"faq-5\" data-parent=\"#accordionExample\"> <div class=\"card-body\">Auf Anfrage stellen wir geteilte B\u00fcror\u00e4ume oder Coworking-Spaces zur Verf\u00fcgung.<\/div> <\/div> <\/div> <\/div> <\/div> <div class=\"row mt-5 justify-content-center\"> <div class=\"col-lg-8 col-md-9 col-sm-12 col-12\"> <h3 class=\"mb-5 georgia-font mt-5\"><i>Stellen Sie Ihre internationalen Berater \u00fcber Thalent AG ein!<\/i><\/h3> <h5 class=\"mb-5 georgia-font\"><i>Eine Lohntr\u00e4gerschaft bietet zahlreiche Vorteile, darunter<br \/> Kosteneinsparungen, Zeitersparnis, Zugang zu lokalem<br \/> Fachwissen und Gew\u00e4hrleistung gesetzlicher Vorschriften,<br \/> unter anderem. Wir beraten Sie gerne!<\/i><\/h5> <div class=\"row contact-us-btn\"> <div class=\"col-12 text-center mt-4\"><a class=\"custom-btn\" href=\"\/de\/kontaktieren-sie-uns\">Termin vereinbaren<\/a><\/div> <\/div> <\/div> <\/div> <\/div> <\/section> <\/div>","protected":false},"excerpt":{"rendered":"<p>Wir rufen Sie zur\u00fcck Termin vereinbaren Payrolling-L\u00f6sungen f\u00fcr NROs, internationale Organisationen oder gemeinn\u00fctzige Organisationen Sind Sie eine Nichtregierungsorganisation (NRO), eine UNAgentur, eine internationale Organisation oder eine gemeinn\u00fctzige Organisation? Sie arbeiten mit Beratern in mehreren L\u00e4ndern, einschlie\u00dflich der Schweiz, zusammen? Stellen Sie sie durch die Thalent SA ein: Wir k\u00fcmmern uns um ihre Geh\u00e4lter, Sozialversicherungsbeitr\u00e4ge, Renten, [&hellip;]<\/p>\n","protected":false},"author":1,"featured_media":0,"parent":0,"menu_order":0,"comment_status":"closed","ping_status":"closed","template":"custom-template.php","meta":{"_coblocks_attr":"","_coblocks_dimensions":"","_coblocks_responsive_height":"","_coblocks_accordion_ie_support":"","footnotes":""},"class_list":["post-14083","page","type-page","status-publish","hentry"],"yoast_head":"<!-- This site is optimized with the Yoast SEO plugin v27.2 - https:\/\/yoast.com\/product\/yoast-seo-wordpress\/ -->\n<title>Payrolling-L\u00f6sungen f\u00fcr NROs, UNO-Agenturen, internationale Organisationen oder Non-Profit-Organisationen - Thalent.com<\/title>\n<meta name=\"description\" content=\"NROs: wir bieten Payroll-L\u00f6sungen f\u00fcr NROs, internationale oder Non-Profit-Organisationen. Stellen Sie Berater ein: Wir k\u00fcmmern uns um die Gehaltsabrechnung, alle Versicherungen, Renten und Steuern.\" \/>\n<meta name=\"robots\" content=\"index, follow, max-snippet:-1, max-image-preview:large, max-video-preview:-1\" \/>\n<link rel=\"canonical\" href=\"https:\/\/www.thalent.com\/de\/payrolling-ngo\" \/>\n<meta property=\"og:locale\" content=\"de_DE\" \/>\n<meta property=\"og:type\" content=\"article\" \/>\n<meta property=\"og:title\" content=\"Payrolling-L\u00f6sungen f\u00fcr NROs, UNO-Agenturen, internationale Organisationen oder Non-Profit-Organisationen - Thalent.com\" \/>\n<meta property=\"og:description\" content=\"NROs: wir bieten Payroll-L\u00f6sungen f\u00fcr NROs, internationale oder Non-Profit-Organisationen. Stellen Sie Berater ein: Wir k\u00fcmmern uns um die Gehaltsabrechnung, alle Versicherungen, Renten und Steuern.\" \/>\n<meta property=\"og:url\" content=\"https:\/\/www.thalent.com\/de\/payrolling-ngo\" \/>\n<meta property=\"og:site_name\" content=\"Thalent.com\" \/>\n<meta property=\"article:modified_time\" content=\"2024-02-22T11:44:33+00:00\" \/>\n<script type=\"application\/ld+json\" class=\"yoast-schema-graph\">{\"@context\":\"https:\/\/schema.org\",\"@graph\":[{\"@type\":\"WebPage\",\"@id\":\"https:\/\/www.thalent.com\/de\/payrolling-ngo\",\"url\":\"https:\/\/www.thalent.com\/de\/payrolling-ngo\",\"name\":\"Payrolling-L\u00f6sungen f\u00fcr NROs, UNO-Agenturen, internationale Organisationen oder Non-Profit-Organisationen - Thalent.com\",\"isPartOf\":{\"@id\":\"https:\/\/www.thalent.com\/#website\"},\"datePublished\":\"2023-01-27T07:03:15+00:00\",\"dateModified\":\"2024-02-22T11:44:33+00:00\",\"description\":\"NROs: wir bieten Payroll-L\u00f6sungen f\u00fcr NROs, internationale oder Non-Profit-Organisationen. Stellen Sie Berater ein: Wir k\u00fcmmern uns um die Gehaltsabrechnung, alle Versicherungen, Renten und Steuern.\",\"inLanguage\":\"de\",\"potentialAction\":[{\"@type\":\"ReadAction\",\"target\":[\"https:\/\/www.thalent.com\/de\/payrolling-ngo\"]}]},{\"@type\":\"WebSite\",\"@id\":\"https:\/\/www.thalent.com\/#website\",\"url\":\"https:\/\/www.thalent.com\/\",\"name\":\"Thalent.com\",\"description\":\"Thalent\",\"potentialAction\":[{\"@type\":\"SearchAction\",\"target\":{\"@type\":\"EntryPoint\",\"urlTemplate\":\"https:\/\/www.thalent.com\/?s={search_term_string}\"},\"query-input\":{\"@type\":\"PropertyValueSpecification\",\"valueRequired\":true,\"valueName\":\"search_term_string\"}}],\"inLanguage\":\"de\"}]}<\/script>\n<!-- \/ Yoast SEO plugin. -->","yoast_head_json":{"title":"Payrolling-L\u00f6sungen f\u00fcr NROs, UNO-Agenturen, internationale Organisationen oder Non-Profit-Organisationen - Thalent.com","description":"NROs: wir bieten Payroll-L\u00f6sungen f\u00fcr NROs, internationale oder Non-Profit-Organisationen. Stellen Sie Berater ein: Wir k\u00fcmmern uns um die Gehaltsabrechnung, alle Versicherungen, Renten und Steuern.","robots":{"index":"index","follow":"follow","max-snippet":"max-snippet:-1","max-image-preview":"max-image-preview:large","max-video-preview":"max-video-preview:-1"},"canonical":"https:\/\/www.thalent.com\/de\/payrolling-ngo","og_locale":"de_DE","og_type":"article","og_title":"Payrolling-L\u00f6sungen f\u00fcr NROs, UNO-Agenturen, internationale Organisationen oder Non-Profit-Organisationen - Thalent.com","og_description":"NROs: wir bieten Payroll-L\u00f6sungen f\u00fcr NROs, internationale oder Non-Profit-Organisationen. Stellen Sie Berater ein: Wir k\u00fcmmern uns um die Gehaltsabrechnung, alle Versicherungen, Renten und Steuern.","og_url":"https:\/\/www.thalent.com\/de\/payrolling-ngo","og_site_name":"Thalent.com","article_modified_time":"2024-02-22T11:44:33+00:00","schema":{"@context":"https:\/\/schema.org","@graph":[{"@type":"WebPage","@id":"https:\/\/www.thalent.com\/de\/payrolling-ngo","url":"https:\/\/www.thalent.com\/de\/payrolling-ngo","name":"Payrolling-L\u00f6sungen f\u00fcr NROs, UNO-Agenturen, internationale Organisationen oder Non-Profit-Organisationen - Thalent.com","isPartOf":{"@id":"https:\/\/www.thalent.com\/#website"},"datePublished":"2023-01-27T07:03:15+00:00","dateModified":"2024-02-22T11:44:33+00:00","description":"NROs: wir bieten Payroll-L\u00f6sungen f\u00fcr NROs, internationale oder Non-Profit-Organisationen. Stellen Sie Berater ein: Wir k\u00fcmmern uns um die Gehaltsabrechnung, alle Versicherungen, Renten und Steuern.","inLanguage":"de","potentialAction":[{"@type":"ReadAction","target":["https:\/\/www.thalent.com\/de\/payrolling-ngo"]}]},{"@type":"WebSite","@id":"https:\/\/www.thalent.com\/#website","url":"https:\/\/www.thalent.com\/","name":"Thalent.com","description":"Thalent","potentialAction":[{"@type":"SearchAction","target":{"@type":"EntryPoint","urlTemplate":"https:\/\/www.thalent.com\/?s={search_term_string}"},"query-input":{"@type":"PropertyValueSpecification","valueRequired":true,"valueName":"search_term_string"}}],"inLanguage":"de"}]}},"_links":{"self":[{"href":"https:\/\/www.thalent.com\/de\/wp-json\/wp\/v2\/pages\/14083","targetHints":{"allow":["GET"]}}],"collection":[{"href":"https:\/\/www.thalent.com\/de\/wp-json\/wp\/v2\/pages"}],"about":[{"href":"https:\/\/www.thalent.com\/de\/wp-json\/wp\/v2\/types\/page"}],"author":[{"embeddable":true,"href":"https:\/\/www.thalent.com\/de\/wp-json\/wp\/v2\/users\/1"}],"replies":[{"embeddable":true,"href":"https:\/\/www.thalent.com\/de\/wp-json\/wp\/v2\/comments?post=14083"}],"version-history":[{"count":0,"href":"https:\/\/www.thalent.com\/de\/wp-json\/wp\/v2\/pages\/14083\/revisions"}],"wp:attachment":[{"href":"https:\/\/www.thalent.com\/de\/wp-json\/wp\/v2\/media?parent=14083"}],"curies":[{"name":"wp","href":"https:\/\/api.w.org\/{rel}","templated":true}]}}